{"id":149502,"date":"2026-01-12T10:32:33","date_gmt":"2026-01-12T09:32:33","guid":{"rendered":"https:\/\/smania.store\/hr\/proizvod\/racermaze-trkaca-labirint-staza-za-autice\/"},"modified":"2026-04-17T06:42:08","modified_gmt":"2026-04-17T04:42:08","slug":"racermaze-trkaca-labirint-staza-za-autice","status":"publish","type":"product","link":"https:\/\/smania.store\/hr\/proizvod\/racermaze-trkaca-labirint-staza-za-autice\/","title":{"rendered":"RacerMaze\u2122 trka\u0107a labirint staza za auti\u0107e"},"content":{"rendered":"<div class=\"smania_landing_description_title\">NOVO, otklju\u010dajte beskrajnu zabavu odmah!<\/div>\n<div class=\"smania_landing_description_txt\">Pretvorite vrijeme igre u uzbudljivu avanturu!<\/div>\n<div class=\"smania_landing_description_subtitle\"> Oslobodite ma\u0161tu svog djeteta uz RacerMaze\u2122! Ova o\u010daravaju\u0107a 2-u-1 igra\u010dka ne mo\u017ee se usporediti s drugima, spajaju\u0107i uzbudljive automobilske utrke sa zabavnim izazovima rje\u0161avanja problema. Izra\u0111ena od visokokvalitetnih, netoksi\u010dnih materijala, dizajnirana je za beskrajnu zabavu i sigurnu igru. Podignite vrijeme igre svog djeteta na vi\u0161u razinu i gledajte kako im vje\u0161tine rastu!<\/div>\n<div class=\"smania_landing_description_list\">\n<ul>\n<li>Pobolj\u0161ava motori\u010dke sposobnosti zabavnim izazovima<\/li>\n<li>Pobolj\u0161ava sposobnosti rje\u0161avanja problema<\/li>\n<li>Ja\u010da koordinaciju ruku i o\u010diju<\/li>\n<li>Dolazi s 5 uzbudljivih mini automobila + avionom<\/li>\n<li>Uklju\u010duje dinami\u010dke kontrolne tipke<\/li>\n<li>Sigurna igra sa zaobljenim rubovima<\/li>\n<\/ul><\/div>\n","protected":false},"excerpt":{"rendered":"<p>Interaktivna igra\u010dka za povezivanje roditelja i djeteta|Poti\u010de znati\u017eelju i kreativnost|Vi\u0161e \u017eivih boja za prepoznavanje boja|Dimenzije: 24 x 25 x 17 cm|Preporu\u010dena dob: 3+ godine|Paket uklju\u010duje: Auto stazu, 5 automobila, 1 avion<\/p>\n","protected":false},"featured_media":149488,"template":"","meta":[],"product_cat":[17],"product_tag":[1529,1646],"acf":[],"_links":{"self":[{"href":"https:\/\/smania.store\/hr\/wp-json\/wp\/v2\/product\/149502"}],"collection":[{"href":"https:\/\/smania.store\/hr\/wp-json\/wp\/v2\/product"}],"about":[{"href":"https:\/\/smania.store\/hr\/wp-json\/wp\/v2\/types\/product"}],"wp:featuredmedia":[{"embeddable":true,"href":"https:\/\/smania.store\/hr\/wp-json\/wp\/v2\/media\/149488"}],"wp:attachment":[{"href":"https:\/\/smania.store\/hr\/wp-json\/wp\/v2\/media?parent=149502"}],"wp:term":[{"taxonomy":"product_cat","embeddable":true,"href":"https:\/\/smania.store\/hr\/wp-json\/wp\/v2\/product_cat?post=149502"},{"taxonomy":"product_tag","embeddable":true,"href":"https:\/\/smania.store\/hr\/wp-json\/wp\/v2\/product_tag?post=149502"}],"curies":[{"name":"wp","href":"https:\/\/api.w.org\/{rel}","templated":true}]}}