{"id":149275,"date":"2026-01-06T12:54:45","date_gmt":"2026-01-06T11:54:45","guid":{"rendered":"https:\/\/smania.store\/hr\/proizvod\/safepaws-vodootporno-vanjsko-skloniste-za-macke\/"},"modified":"2026-02-25T05:58:58","modified_gmt":"2026-02-25T04:58:58","slug":"safepaws-vodootporno-vanjsko-skloniste-za-macke","status":"publish","type":"product","link":"https:\/\/smania.store\/hr\/proizvod\/safepaws-vodootporno-vanjsko-skloniste-za-macke\/","title":{"rendered":"SafePaws\u2122 vodootporno vanjsko skloni\u0161te za ma\u010dke"},"content":{"rendered":"<div class=\"smania_landing_description_title\">NOVO: Ostanite topli i sigurni u svakom trenutku<\/div>\n<div class=\"smania_landing_description_txt\">Izgradite ultimativni vanjski raj za svoje krznene prijatelje!<\/div>\n<div class=\"smania_landing_description_subtitle\"> Predstavljamo SafePaws\u2122, ultimativno uto\u010di\u0161te za va\u0161eg voljenog ma\u010dka. Ova vanjska ku\u0107ica za ma\u010dke dizajnirana je s naglaskom na udobnost i sigurnost. Savr\u0161ena je za svakog vlasnika ku\u0107nih ljubimaca koji cijeni mir, znaju\u0107i da je njihov krzneni prijatelj udoban i za\u0161ti\u0107en 24 sata dnevno.<\/div>\n<div class=\"smania_landing_description_list\">\n<ul>\n<li>Otpornost na vremenske uvjete: Premium 6-slojna izolacija <\/li>\n<li>Sigurno i za\u0161ti\u0107eno: Dvostruki izlazi za brzi bijeg <\/li>\n<li>Krajnja toplina: Uklju\u010duje UL-testiranu grijnu podlogu <\/li>\n<li>Povi\u0161eni dizajn: Odr\u017eava suho na blatu <\/li>\n<li>Jednostavna postava: Nema potrebnih alata!<\/li>\n<\/ul><\/div>\n","protected":false},"excerpt":{"rendered":"<p>Savr\u0161eno za vanjsku i unutarnju upotrebu |Otpornosti na plamen, neprobojan kabel |Otpornost na vremenske uvjete za cjelogodi\u0161nju upotrebu |Dizajn otporan na predatore s dvostrukim izlazima|Dimenzije: 65 x 42 x 45 cm |Boja: Crna kamufla\u017ea |Materijal: 900D Oxford tkanina |Posebne zna\u010dajke: \u200eLako se \u010disti, Lako za kori\u0161tenje, Grijanje, Vodootporno, Vjetrootporno<\/p>\n","protected":false},"featured_media":149263,"template":"","meta":[],"product_cat":[20],"product_tag":[],"acf":[],"_links":{"self":[{"href":"https:\/\/smania.store\/hr\/wp-json\/wp\/v2\/product\/149275"}],"collection":[{"href":"https:\/\/smania.store\/hr\/wp-json\/wp\/v2\/product"}],"about":[{"href":"https:\/\/smania.store\/hr\/wp-json\/wp\/v2\/types\/product"}],"wp:featuredmedia":[{"embeddable":true,"href":"https:\/\/smania.store\/hr\/wp-json\/wp\/v2\/media\/149263"}],"wp:attachment":[{"href":"https:\/\/smania.store\/hr\/wp-json\/wp\/v2\/media?parent=149275"}],"wp:term":[{"taxonomy":"product_cat","embeddable":true,"href":"https:\/\/smania.store\/hr\/wp-json\/wp\/v2\/product_cat?post=149275"},{"taxonomy":"product_tag","embeddable":true,"href":"https:\/\/smania.store\/hr\/wp-json\/wp\/v2\/product_tag?post=149275"}],"curies":[{"name":"wp","href":"https:\/\/api.w.org\/{rel}","templated":true}]}}