{"id":149227,"date":"2026-01-05T06:06:23","date_gmt":"2026-01-05T05:06:23","guid":{"rendered":"https:\/\/smania.store\/hr\/proizvod\/bedhubpro-pametni-nocni-ormaric\/"},"modified":"2026-03-28T09:02:06","modified_gmt":"2026-03-28T08:02:06","slug":"bedhubpro-pametni-nocni-ormaric","status":"publish","type":"product","link":"https:\/\/smania.store\/hr\/proizvod\/bedhubpro-pametni-nocni-ormaric\/","title":{"rendered":"BedhubPro\u2122 pametni no\u0107ni ormari\u0107"},"content":{"rendered":"<div class=\"smania_landing_description_title\">NOVO: Va\u0161 sve-u-jednom no\u0107ni pratitelj<\/div>\n<div class=\"smania_landing_description_txt\">Pobolj\u0161ajte svoje no\u0107i u trenu!<\/div>\n<div class=\"smania_landing_description_subtitle\"> Do\u017eivite oli\u010denje moderne prakti\u010dnosti uz BedhubPro\u2122. Ovaj no\u0107ni ormari\u0107 besprijekorno integrira punjenje, sigurnost, zabavu, rasvjetu i estetiku u jednu elegantnu jedinicu. Pretvorite svoju spava\u0107u sobu u uto\u010di\u0161te i prigrlite na\u010din \u017eivota bez nereda!<\/div>\n<div class=\"smania_landing_description_list\">\n<ul>\n<li>Jednostavno be\u017ei\u010dno i \u017ei\u010dano punjenje<\/li>\n<li>Napredna za\u0161tita otiska prsta<\/li>\n<li>Imerzivno audio iskustvo s dva zvu\u010dnika<\/li>\n<li>Prilagodljiva LED rasvjeta za atmosferu<\/li>\n<li>Elegantna zavr\u0161na obrada od kaljenog stakla<\/li>\n<li>Prostran i siguran dizajn<\/li>\n<\/ul><\/div>\n","protected":false},"excerpt":{"rendered":"<p>Nema vi\u0161e zagu\u0161ljivih kablova!|Prilagodite rasvjetu svom raspolo\u017eenju|Slu\u0161ajte glazbu kao nikad prije|Savr\u0161eno se uklapa u svaku spava\u0107u sobu|Pojednostavite \u017eivot uz pametnu tehnologiju|Boja: Bijela|Broj ladica: 2|Pune dimenzije: 40 x 40 x 46 cm|Punjenje: Be\u017ei\u010dno punjenje, 2 x USB brzo punjenje|Posebne zna\u010dajke: 3 na\u010dina rada LED svjetla, pametno zaklju\u010davanje otiskom prsta, Bluetooth zvu\u010dnik<\/p>\n","protected":false},"featured_media":149213,"template":"","meta":[],"product_cat":[16],"product_tag":[2509],"acf":[],"_links":{"self":[{"href":"https:\/\/smania.store\/hr\/wp-json\/wp\/v2\/product\/149227"}],"collection":[{"href":"https:\/\/smania.store\/hr\/wp-json\/wp\/v2\/product"}],"about":[{"href":"https:\/\/smania.store\/hr\/wp-json\/wp\/v2\/types\/product"}],"wp:featuredmedia":[{"embeddable":true,"href":"https:\/\/smania.store\/hr\/wp-json\/wp\/v2\/media\/149213"}],"wp:attachment":[{"href":"https:\/\/smania.store\/hr\/wp-json\/wp\/v2\/media?parent=149227"}],"wp:term":[{"taxonomy":"product_cat","embeddable":true,"href":"https:\/\/smania.store\/hr\/wp-json\/wp\/v2\/product_cat?post=149227"},{"taxonomy":"product_tag","embeddable":true,"href":"https:\/\/smania.store\/hr\/wp-json\/wp\/v2\/product_tag?post=149227"}],"curies":[{"name":"wp","href":"https:\/\/api.w.org\/{rel}","templated":true}]}}