{"id":148849,"date":"2025-12-17T13:44:56","date_gmt":"2025-12-17T12:44:56","guid":{"rendered":"https:\/\/smania.store\/hr\/proizvod\/sinkslide-2-slojna-pohrana-s-kliznim-ladicama\/"},"modified":"2026-04-16T15:30:56","modified_gmt":"2026-04-16T13:30:56","slug":"sinkslide-2-slojna-pohrana-s-kliznim-ladicama","status":"publish","type":"product","link":"https:\/\/smania.store\/hr\/proizvod\/sinkslide-2-slojna-pohrana-s-kliznim-ladicama\/","title":{"rendered":"SinkSlide\u2122 2-slojna pohrana s kliznim ladicama"},"content":{"rendered":"<div class=\"smania_landing_description_title\">NOVO: Pametna organizacija sudopera<\/div>\n<div class=\"smania_landing_description_txt\">MAKSIMALNA POGODNOST U KUHINJI BEZ NAPORA!<\/div>\n<div class=\"smania_landing_description_subtitle\"> Otkrijte u\u010dinkovitost i stil uz SinkSlide\u2122 koji maksimalno pove\u0107ava prostor ispod sudopera. Dizajniran za one koji tra\u017ee urednost i pristupa\u010dnost, ovaj organizator vam omogu\u0107uje da spremate sredstva za \u010di\u0161\u0107enje, spu\u017evice i dodatke na prakti\u010dan na\u010din i uvijek nadohvat ruke. \u010cvrst, moderan dizajn savr\u0161eno se uklapa u svaku kuhinju, bez potrebe za slo\u017eenom instalacijom ili napajanjem.<\/div>\n<div class=\"smania_landing_description_list\">\n<ul>\n<li>Savr\u0161en red &#8211; organizira sredstva za \u010di\u0161\u0107enje i pribor u malom prostoru<\/li>\n<li>Idealno za male kuhinje &#8211; Optimizira prostor ispod sudopera<\/li>\n<li>Dizajn koji \u0161tedi prostor &#8211; struktura na 2 razine za dodatni kapacitet skladi\u0161tenja<\/li>\n<li>Jednostavan za postavljanje &#8211; nisu potrebni alati niti bu\u0161enje<\/li>\n<li>Glatko klizanje &#8211; Ladice na izvla\u010denje za brzi pristup<\/li>\n<li>Sna\u017ean i izdr\u017eljiv &#8211; visokokvalitetni materijali<\/li>\n<li>Moderan stil &#8211; uklapa se u svaku kuhinju<\/li>\n<li>Lako se \u010disti &#8211; povr\u0161ine otporne na mrlje i vlagu<\/li>\n<\/ul><\/div>\n","protected":false},"excerpt":{"rendered":"<p>\u010cvrsta i izdr\u017eljiva struktura|Visokokvalitetni materijali|Pogodan za svaku kuhinju|Glatke klizne ladice|Mali otisak, maksimalan kapacitet|Boja: crna ili bijela|Materijal: Plastika i izdr\u017eljivi metal|Dimenzije: Podesivo od 41 do 48,5 cm x 26,5 cm x 38 cm<\/p>\n","protected":false},"featured_media":148840,"template":"","meta":[],"product_cat":[223],"product_tag":[1803],"acf":[],"_links":{"self":[{"href":"https:\/\/smania.store\/hr\/wp-json\/wp\/v2\/product\/148849"}],"collection":[{"href":"https:\/\/smania.store\/hr\/wp-json\/wp\/v2\/product"}],"about":[{"href":"https:\/\/smania.store\/hr\/wp-json\/wp\/v2\/types\/product"}],"wp:featuredmedia":[{"embeddable":true,"href":"https:\/\/smania.store\/hr\/wp-json\/wp\/v2\/media\/148840"}],"wp:attachment":[{"href":"https:\/\/smania.store\/hr\/wp-json\/wp\/v2\/media?parent=148849"}],"wp:term":[{"taxonomy":"product_cat","embeddable":true,"href":"https:\/\/smania.store\/hr\/wp-json\/wp\/v2\/product_cat?post=148849"},{"taxonomy":"product_tag","embeddable":true,"href":"https:\/\/smania.store\/hr\/wp-json\/wp\/v2\/product_tag?post=148849"}],"curies":[{"name":"wp","href":"https:\/\/api.w.org\/{rel}","templated":true}]}}