{"id":148796,"date":"2025-12-16T12:49:54","date_gmt":"2025-12-16T11:49:54","guid":{"rendered":"https:\/\/smania.store\/hr\/proizvod\/skihip-visenamjenska-skijaska-trening-ploca\/"},"modified":"2026-02-01T15:51:14","modified_gmt":"2026-02-01T14:51:14","slug":"skihip-visenamjenska-skijaska-trening-ploca","status":"publish","type":"product","link":"https:\/\/smania.store\/hr\/proizvod\/skihip-visenamjenska-skijaska-trening-ploca\/","title":{"rendered":"SkiHip\u2122 vi\u0161enamjenska skija\u0161ka trening plo\u010da"},"content":{"rendered":"<div class=\"smania_landing_description_title\">NOVO: Iskusite skijanje u zatvorenom<\/div>\n<div class=\"smania_landing_description_txt\">Simulirajte i unaprijedite umjetnost skijanja kod ku\u0107e!<\/div>\n<div class=\"smania_landing_description_subtitle\">Donosite zabavu i kondiciju skijanja u svoj dom s SkiHip\u2122 vi\u0161enamjenskom trening plo\u010dom. Lagana i jednostavna za pohranu, ova sprava je va\u0161 klju\u010d za uzbudljiv trening i ja\u010de tijelo.<\/div>\n<div class=\"smania_landing_description_list\">\n<ul>\n<li>Simulira pravo skijanje za pobolj\u0161anje kardiovaskularne izdr\u017eljivosti <\/li>\n<li>Ja\u010da snagu nogu i kukova <\/li>\n<li>Poma\u017ee u oporavku nakon poroda <\/li>\n<li>Ja\u010da mi\u0161i\u0107e zdjeli\u010dnog dna <\/li>\n<li>Pedale protiv klizanja i glatko pomicanje kompartmana <\/li>\n<li>Kompaktan i jednostavan za pohranu<\/li>\n<\/ul><\/div>\n","protected":false},"excerpt":{"rendered":"<p>Trenirajte bilo kada, bilo gdje: jednostavna postava i pohrana |Sigurno za kori\u0161tenje kod ku\u0107e ili u studentskom domu, \u010dvrsto se dr\u017ei povr\u0161ine |Tiho tijekom kori\u0161tenja kako ne bi ometalo druge |Pobolj\u0161ava ravnote\u017eu i koordinaciju|Rasvijene dimenzije: 124 x 27 x 8 cm |Sklopljene dimenzije: 63 x 27 x 16 cm |Visina naslona za ruke: 61 cm |Maksimalna te\u017eina: 150 kg<\/p>\n","protected":false},"featured_media":148772,"template":"","meta":[],"product_cat":[16,21],"product_tag":[2032],"acf":[],"_links":{"self":[{"href":"https:\/\/smania.store\/hr\/wp-json\/wp\/v2\/product\/148796"}],"collection":[{"href":"https:\/\/smania.store\/hr\/wp-json\/wp\/v2\/product"}],"about":[{"href":"https:\/\/smania.store\/hr\/wp-json\/wp\/v2\/types\/product"}],"wp:featuredmedia":[{"embeddable":true,"href":"https:\/\/smania.store\/hr\/wp-json\/wp\/v2\/media\/148772"}],"wp:attachment":[{"href":"https:\/\/smania.store\/hr\/wp-json\/wp\/v2\/media?parent=148796"}],"wp:term":[{"taxonomy":"product_cat","embeddable":true,"href":"https:\/\/smania.store\/hr\/wp-json\/wp\/v2\/product_cat?post=148796"},{"taxonomy":"product_tag","embeddable":true,"href":"https:\/\/smania.store\/hr\/wp-json\/wp\/v2\/product_tag?post=148796"}],"curies":[{"name":"wp","href":"https:\/\/api.w.org\/{rel}","templated":true}]}}