{"id":148771,"date":"2025-12-16T12:47:21","date_gmt":"2025-12-16T11:47:21","guid":{"rendered":"https:\/\/smania.store\/hr\/proizvod\/starlume-led-projektor-u-obliku-morskog-zvijezda-s-daljinskim-upravljacem\/"},"modified":"2026-03-01T21:35:58","modified_gmt":"2026-03-01T20:35:58","slug":"starlume-led-projektor-u-obliku-morskog-zvijezda-s-daljinskim-upravljacem","status":"publish","type":"product","link":"https:\/\/smania.store\/hr\/proizvod\/starlume-led-projektor-u-obliku-morskog-zvijezda-s-daljinskim-upravljacem\/","title":{"rendered":"StarLume\u2122 LED projektor u obliku morskog zvijezda s daljinskim upravlja\u010dem"},"content":{"rendered":"<div class=\"smania_landing_description_title\">NOVO: Osvijetlite svoj prostor<\/div>\n<div class=\"smania_landing_description_txt\">Transformirajte svaku prostoriju u sanjivu podvodnu galaksiju!<\/div>\n<div class=\"smania_landing_description_subtitle\">StarLume\u2122 LED projektor u obliku zvijezde s daljinskim upravlja\u010dem stvara \u010darobno auroralno nebo s 7 na\u010dina osvjetljenja koji umiruju va\u0161a osjetila i osvjetljavaju va\u0161 prostor. Savr\u0161en za djecu i odrasle, pretvara svaku sobu u mirnu oazu za spavanje, opu\u0161tanje ili \u010distu vizualnu u\u017eitak.<\/div>\n<div class=\"smania_landing_description_list\">\n<ul>\n<li>Pretvara svaku prostoriju u umiruju\u0107e zvjezdano nebo <\/li>\n<li>7 na\u010dina osvjetljenja s podesivom svjetlinom <\/li>\n<li>Dugotrajna baterija \u2013 do 80 sati u niskom na\u010dinu <\/li>\n<li>Brzo punjenje putem USB-C <\/li>\n<li>Odli\u010dan poklon za djecu i odrasle<\/li>\n<\/ul><\/div>\n","protected":false},"excerpt":{"rendered":"<p>Instantno pobolj\u0161anje ambijenta |Savr\u0161eno za unutarnju i vanjsku upotrebu |Podesive razine svjetlosti |Kompaktne dimenzije za jednostavno pohranjivanje |7 promjena boje|Baterija: ugra\u0111ena baterija od 1200mAh |Vrijeme punjenja: otprilike 2,5 sata |Radno vrijeme pri visokoj svjetlini: 7\u20138 sati |Radno vrijeme pri niskoj svjetlini: do 80 sati |Punjenje: USB Type-C (kabel uklju\u010den)<\/p>\n","protected":false},"featured_media":148760,"template":"","meta":[],"product_cat":[16],"product_tag":[2509,1549],"acf":[],"_links":{"self":[{"href":"https:\/\/smania.store\/hr\/wp-json\/wp\/v2\/product\/148771"}],"collection":[{"href":"https:\/\/smania.store\/hr\/wp-json\/wp\/v2\/product"}],"about":[{"href":"https:\/\/smania.store\/hr\/wp-json\/wp\/v2\/types\/product"}],"wp:featuredmedia":[{"embeddable":true,"href":"https:\/\/smania.store\/hr\/wp-json\/wp\/v2\/media\/148760"}],"wp:attachment":[{"href":"https:\/\/smania.store\/hr\/wp-json\/wp\/v2\/media?parent=148771"}],"wp:term":[{"taxonomy":"product_cat","embeddable":true,"href":"https:\/\/smania.store\/hr\/wp-json\/wp\/v2\/product_cat?post=148771"},{"taxonomy":"product_tag","embeddable":true,"href":"https:\/\/smania.store\/hr\/wp-json\/wp\/v2\/product_tag?post=148771"}],"curies":[{"name":"wp","href":"https:\/\/api.w.org\/{rel}","templated":true}]}}