{"id":148552,"date":"2025-12-10T07:21:21","date_gmt":"2025-12-10T06:21:21","guid":{"rendered":"https:\/\/smania.store\/hr\/proizvod\/floravine-zidne-svjetiljke-s-cvjetnim-motivom-vinove-loze-144-led\/"},"modified":"2026-04-12T11:44:44","modified_gmt":"2026-04-12T09:44:44","slug":"floravine-zidne-svjetiljke-s-cvjetnim-motivom-vinove-loze-144-led","status":"publish","type":"product","link":"https:\/\/smania.store\/hr\/proizvod\/floravine-zidne-svjetiljke-s-cvjetnim-motivom-vinove-loze-144-led\/","title":{"rendered":"FloraVine\u2122 zidne svjetiljke s cvjetnim motivom vinove loze &#8211; 144 LED"},"content":{"rendered":"<div class=\"smania_landing_description_title\">NOVO, Stvorite o\u010daravaju\u0107u zidnu rasvjetu<\/div>\n<div class=\"smania_landing_description_txt\">Osvjetlite svoj prostor \u010darobnim svjetlom!<\/div>\n<div class=\"smania_landing_description_subtitle\"> Unesite \u010daroliju u svaku prostoriju uz FloraVine\u2122 lampice s motivom cvijeta vinove loze. 144 LED lampice inspirirane cvjetovima tre\u0161nje stvaraju ugodan, sve\u010dan sjaj. Fleksibilan dizajn i 8 na\u010dina osvjetljenja omogu\u0107uju vam oblikovanje i prilagodbu savr\u0161enog ambijenta &#8211; idealno za blagdane, zabave ili svakodnevni \u0161arm.<\/div>\n<div class=\"smania_landing_description_list\">\n<ul>\n<li>144 LED svjetla za mekan, topao sjaj<\/li>\n<li>8 dinami\u010dkih na\u010dina osvjetljenja + prigu\u0161ivanje svjetline<\/li>\n<li>Daljinski upravlja\u010d za jednostavno prilago\u0111avanje<\/li>\n<li>Fleksibilne grane za kreativne DIY oblike<\/li>\n<li>Idealno za Bo\u017ei\u0107, zabave, vjen\u010danja ili svakodnevni dekor<\/li>\n<\/ul><\/div>\n","protected":false},"excerpt":{"rendered":"<p>Ugodna topla rasvjeta|Lako se oblikuje i vje\u0161a|Prakti\u010dnost daljinskog upravljanja|Idealno za sve\u010danu i svakodnevnu upotrebu|Duljina: 230 cm|Broj LED dioda: 144|Materijal: Fleksibilna \u017eica + plasti\u010dno cvije\u0107e|Napajanje: USB<\/p>\n","protected":false},"featured_media":148541,"template":"","meta":[],"product_cat":[16],"product_tag":[1549,1519],"acf":[],"_links":{"self":[{"href":"https:\/\/smania.store\/hr\/wp-json\/wp\/v2\/product\/148552"}],"collection":[{"href":"https:\/\/smania.store\/hr\/wp-json\/wp\/v2\/product"}],"about":[{"href":"https:\/\/smania.store\/hr\/wp-json\/wp\/v2\/types\/product"}],"wp:featuredmedia":[{"embeddable":true,"href":"https:\/\/smania.store\/hr\/wp-json\/wp\/v2\/media\/148541"}],"wp:attachment":[{"href":"https:\/\/smania.store\/hr\/wp-json\/wp\/v2\/media?parent=148552"}],"wp:term":[{"taxonomy":"product_cat","embeddable":true,"href":"https:\/\/smania.store\/hr\/wp-json\/wp\/v2\/product_cat?post=148552"},{"taxonomy":"product_tag","embeddable":true,"href":"https:\/\/smania.store\/hr\/wp-json\/wp\/v2\/product_tag?post=148552"}],"curies":[{"name":"wp","href":"https:\/\/api.w.org\/{rel}","templated":true}]}}