{"id":148510,"date":"2025-12-09T07:48:36","date_gmt":"2025-12-09T06:48:36","guid":{"rendered":"https:\/\/smania.store\/hr\/proizvod\/powertwist-dvostruka-opruzna-ruka-power-twister\/"},"modified":"2026-04-16T10:21:25","modified_gmt":"2026-04-16T08:21:25","slug":"powertwist-dvostruka-opruzna-ruka-power-twister","status":"publish","type":"product","link":"https:\/\/smania.store\/hr\/proizvod\/powertwist-dvostruka-opruzna-ruka-power-twister\/","title":{"rendered":"PowerTwist\u2122 dvostruka opru\u017ena ruka &#8211; power twister"},"content":{"rendered":"<div class=\"smania_landing_description_title\"> NOVO! Revolucija treninga za cijelo tijelo <\/div>\n<div class=\"smania_landing_description_txt\"> PowerTwist zna\u010di nevjerojatno u\u010dinkovit trening gornjeg dijela tijela! <\/div>\n<div class=\"smania_landing_description_subtitle\"> Oslobodite potencijal gornjeg dijela tijela uz PowerTwist! Samo 10-30 minuta dnevno mo\u017ee pove\u0107ati va\u0161u snagu i kondiciju. Izra\u0111eno od vrhunskih sigurnosnih materijala za samouvjereniji i zdraviji trening. <\/div>\n<div class=\"smania_landing_description_list\">\n<ul>\n<li>Istovremeno trenira zglobove, ruke i ramena<\/li>\n<li>Ergonomski, neklizaju\u0107i dizajn za dodatnu sigurnost<\/li>\n<li>Podesivi otpor od 10-200 kg<\/li>\n<li>Potpuno prenosiv i sigurno pohranjen s kop\u010dom za pohranu<\/li>\n<li>Pobolj\u0161ajte vje\u017ebe za gornji dio tijela<\/li>\n<li>Izra\u0111eno s izdr\u017eljivim oprugama od uglji\u010dnog \u010delika<\/li>\n<\/ul><\/div>\n","protected":false},"excerpt":{"rendered":"<p>Brzo prilagodite intenzitet vje\u017ebanja rotiranjem sredi\u0161njeg cilindra|Lako se sklapa i sigurno pohranjuje|Visokokvalitetna konstrukcija za dugotrajnost|Idealno za sve razine kondicije|Dimenzije proizvoda: 43 cm x 16 cm (uvu\u010deno), 60 cm \u0161irina kada je razvu\u010deno|Materijali proizvoda: Uglji\u010dni \u010delik, mekana PU guma, plastika|Raspon otpora: 10 &#8211; 200 kg|Dijelovi za vje\u017ebanje: mi\u0161i\u0107i podlaktice, biceps, triceps, pectoralis major, trapezius, latissimus dorsi<\/p>\n","protected":false},"featured_media":148495,"template":"","meta":[],"product_cat":[21],"product_tag":[2032],"acf":[],"_links":{"self":[{"href":"https:\/\/smania.store\/hr\/wp-json\/wp\/v2\/product\/148510"}],"collection":[{"href":"https:\/\/smania.store\/hr\/wp-json\/wp\/v2\/product"}],"about":[{"href":"https:\/\/smania.store\/hr\/wp-json\/wp\/v2\/types\/product"}],"wp:featuredmedia":[{"embeddable":true,"href":"https:\/\/smania.store\/hr\/wp-json\/wp\/v2\/media\/148495"}],"wp:attachment":[{"href":"https:\/\/smania.store\/hr\/wp-json\/wp\/v2\/media?parent=148510"}],"wp:term":[{"taxonomy":"product_cat","embeddable":true,"href":"https:\/\/smania.store\/hr\/wp-json\/wp\/v2\/product_cat?post=148510"},{"taxonomy":"product_tag","embeddable":true,"href":"https:\/\/smania.store\/hr\/wp-json\/wp\/v2\/product_tag?post=148510"}],"curies":[{"name":"wp","href":"https:\/\/api.w.org\/{rel}","templated":true}]}}