{"id":148448,"date":"2025-12-08T09:11:55","date_gmt":"2025-12-08T08:11:55","guid":{"rendered":"https:\/\/smania.store\/hr\/proizvod\/purrcave-podesivi-okrugli-pahuljasti-tunel-za-macke\/"},"modified":"2026-03-15T23:17:53","modified_gmt":"2026-03-15T22:17:53","slug":"purrcave-podesivi-okrugli-pahuljasti-tunel-za-macke","status":"publish","type":"product","link":"https:\/\/smania.store\/hr\/proizvod\/purrcave-podesivi-okrugli-pahuljasti-tunel-za-macke\/","title":{"rendered":"PurrCave\u2122 podesivi okrugli pahuljasti tunel za ma\u010dke"},"content":{"rendered":"<div class=\"smania_landing_description_title\">NOVO: igrajte i odmarajte se s stilom<\/div>\n<div class=\"smania_landing_description_txt\">Igraj, Sko\u010di i Spavaj \u2013 Sve u Jednom Tunnelu!<\/div>\n<div class=\"smania_landing_description_subtitle\">PurrCave\u2122 je udoban, pli\u0161ani tunel s dva ulaza, savr\u0161en za avanture tijekom igre ili miran san. Sklopite ga, uvijte ili ostavite otvorenim\u2014njegov svestran dizajn prilago\u0111ava se raspolo\u017eenju va\u0161e ma\u010dke. Mekan, siguran i jednostavan za \u010di\u0161\u0107enje, idealan je za ma\u010dke, male ku\u0107ne ljubimce, pa \u010dak i kao za\u0161tita za bo\u017ei\u0107no drvce.<\/div>\n<div class=\"smania_landing_description_list\">\n<ul>\n<li>Dva ulaza za dodatnu zabavu i istra\u017eivanje <\/li>\n<li>Mogu se savijati ili uvijati za razli\u010dite postavke igre <\/li>\n<li>Tunel + pli\u0161ani krevet za igru ili spavanje <\/li>\n<li>Mekan, ultra-pli\u0161ani materijal koji ljubimci obo\u017eavaju <\/li>\n<li>Periva jastu\u010di\u0107 i \u010dvrst, siguran okvir<\/li>\n<\/ul><\/div>\n","protected":false},"excerpt":{"rendered":"<p>Besprijekorne mogu\u0107nosti rasporeda |Jednostavan dizajn za sklapanje i pohranu |Interaktivni vise\u0107i pom-pomi |Poticanje aktivnog igranja|Boja: Siva |Veli\u010dina: 25 cm \u00d7 80 cm |Materijal: Pli\u0161ani materijal s okvirom od nehr\u0111aju\u0107eg \u010delika |Monta\u017ea: Bez alata<\/p>\n","protected":false},"featured_media":148434,"template":"","meta":[],"product_cat":[20],"product_tag":[],"acf":[],"_links":{"self":[{"href":"https:\/\/smania.store\/hr\/wp-json\/wp\/v2\/product\/148448"}],"collection":[{"href":"https:\/\/smania.store\/hr\/wp-json\/wp\/v2\/product"}],"about":[{"href":"https:\/\/smania.store\/hr\/wp-json\/wp\/v2\/types\/product"}],"wp:featuredmedia":[{"embeddable":true,"href":"https:\/\/smania.store\/hr\/wp-json\/wp\/v2\/media\/148434"}],"wp:attachment":[{"href":"https:\/\/smania.store\/hr\/wp-json\/wp\/v2\/media?parent=148448"}],"wp:term":[{"taxonomy":"product_cat","embeddable":true,"href":"https:\/\/smania.store\/hr\/wp-json\/wp\/v2\/product_cat?post=148448"},{"taxonomy":"product_tag","embeddable":true,"href":"https:\/\/smania.store\/hr\/wp-json\/wp\/v2\/product_tag?post=148448"}],"curies":[{"name":"wp","href":"https:\/\/api.w.org\/{rel}","templated":true}]}}