{"id":148294,"date":"2025-12-02T05:23:00","date_gmt":"2025-12-02T04:23:00","guid":{"rendered":"https:\/\/smania.store\/hr\/proizvod\/inductopro-indukcijski-pretvaracki-disk\/"},"modified":"2026-01-12T12:05:52","modified_gmt":"2026-01-12T11:05:52","slug":"inductopro-indukcijski-pretvaracki-disk","status":"publish","type":"product","link":"https:\/\/smania.store\/hr\/proizvod\/inductopro-indukcijski-pretvaracki-disk\/","title":{"rendered":"InductoPro\u2122 indukcijski pretvara\u010dki disk"},"content":{"rendered":"<div class=\"smania_landing_description_title\">NOVO: Transformirajte u\u010dinkovitost kuhanja<\/div>\n<div class=\"smania_landing_description_txt\">U\u010dinite bilo koju tavu ili lonac kompatibilnim s indukcijom!<\/div>\n<div class=\"smania_landing_description_subtitle\">Recite zbogom problemima kompatibilnosti s indukcijskim \u0161tednjakom uz InductoPro\u2122 pretvara\u010dki disk. Ovaj svestrani alat poma\u017ee vam da uzmete bilo koji lonac ili tavu, od nehr\u0111aju\u0107eg \u010delika do lijevanog \u017eeljeza, i \u010dini da na va\u0161oj indukcijskoj plo\u010di za kuhanje funkcionira kao san. Neophodna inovacija za svaku modernu kuhinju!<\/div>\n<div class=\"smania_landing_description_list\">\n<ul>\n<li>Kompatibilno sa svim vrstama lonaca<\/li>\n<li>Vrhunski prijenos topline<\/li>\n<li>Uklju\u010dena sigurna odvojiva ru\u010dka<\/li>\n<li>Idealno za male posude<\/li>\n<li>Ravnomjerna difuzija topline za kvalitetne rezultate<\/li>\n<li>Sprje\u010dava zagorevanje i neravnomjerno kuhanje<\/li>\n<\/ul><\/div>\n","protected":false},"excerpt":{"rendered":"<p>Nadogradnja bez novog posu\u0111a|Idealno za indukcijske plo\u010de za kuhanje|Uklju\u010den je jednostavan korisni\u010dki priru\u010dnik|Materijal: Nehr\u0111aju\u0107i \u010delik|Dimenzije diska: \u03a620cm|Duljina ru\u010dke: 17 cm<\/p>\n","protected":false},"featured_media":148274,"template":"","meta":[],"product_cat":[223],"product_tag":[],"acf":[],"_links":{"self":[{"href":"https:\/\/smania.store\/hr\/wp-json\/wp\/v2\/product\/148294"}],"collection":[{"href":"https:\/\/smania.store\/hr\/wp-json\/wp\/v2\/product"}],"about":[{"href":"https:\/\/smania.store\/hr\/wp-json\/wp\/v2\/types\/product"}],"wp:featuredmedia":[{"embeddable":true,"href":"https:\/\/smania.store\/hr\/wp-json\/wp\/v2\/media\/148274"}],"wp:attachment":[{"href":"https:\/\/smania.store\/hr\/wp-json\/wp\/v2\/media?parent=148294"}],"wp:term":[{"taxonomy":"product_cat","embeddable":true,"href":"https:\/\/smania.store\/hr\/wp-json\/wp\/v2\/product_cat?post=148294"},{"taxonomy":"product_tag","embeddable":true,"href":"https:\/\/smania.store\/hr\/wp-json\/wp\/v2\/product_tag?post=148294"}],"curies":[{"name":"wp","href":"https:\/\/api.w.org\/{rel}","templated":true}]}}