{"id":148057,"date":"2025-11-21T10:04:04","date_gmt":"2025-11-21T09:04:04","guid":{"rendered":"https:\/\/smania.store\/hr\/proizvod\/firefighterz-vatrogasni-kamion-s-jedinicom-vatrogasaca-i-vodenim-rasprsivacem\/"},"modified":"2026-05-02T07:14:22","modified_gmt":"2026-05-02T05:14:22","slug":"firefighterz-vatrogasni-kamion-s-jedinicom-vatrogasaca-i-vodenim-rasprsivacem","status":"publish","type":"product","link":"https:\/\/smania.store\/hr\/proizvod\/firefighterz-vatrogasni-kamion-s-jedinicom-vatrogasaca-i-vodenim-rasprsivacem\/","title":{"rendered":"FireFighterz\u2122 vatrogasni kamion s jedinicom vatrogasaca i vodenim raspr\u0161iva\u010dem"},"content":{"rendered":"<div class=\"smania_landing_description_title\">NOVO: Oslobodite zabavu na vodeni pogon<\/div>\n<div class=\"smania_landing_description_txt\">Vozi, prskaj, igraj se \u2013 \u017eivot vatrogasca \u010deka!<\/div>\n<div class=\"smania_landing_description_subtitle\">O\u017eivite prave avanture spa\u0161avanja s vatrogasnim vozilom FireFighterz\u2122. Dizajnirano za zabavu i u\u010denje, ovo vi\u0161enamjensko vatrogasno vozilo poti\u010de kreativnost, ma\u0161tu i beskrajno uzbu\u0111enje tijekom igre. Savr\u0161eno za male heroje koji sanjaju o spa\u0161avanju dana!<\/div>\n<div class=\"smania_landing_description_list\">\n<ul>\n<li>Teleskopske ljestve i podizna platforma za dinami\u010dna spa\u0161avanja<\/li>\n<li>Radni stol koji se okre\u0107e za 270\u00b0 s vodenim raspr\u0161iva\u010dem za interaktivnu igru<\/li>\n<li>Ugra\u0111ena pri\u010da i zvu\u010dni efekti za impresivnu avanturu<\/li>\n<li>Uklju\u010duje 6 mini vozila za dulje misije<\/li>\n<li>Poti\u010de kreativnost, koordinaciju ruku i o\u010diju te ma\u0161tovitu igru<\/li>\n<\/ul><\/div>\n","protected":false},"excerpt":{"rendered":"<p>Sa 6 vozila i vodenim prskalicama|Funkcija prskanja vodom|Ljestve se okre\u0107u za 270\u00b0, produ\u017euju se i podi\u017eu|Zvu\u010dni i svjetlosni efekti s jednostavnim tipkama|Paket uklju\u010duje: 1 x veliko vatrogasno vozilo, 6 x mala vozila|Napajanje: Potrebne su 2 \u00d7 AA baterije (nisu uklju\u010dene)|Upozorenje: Sadr\u017ei male dijelove. Opasnost od gu\u0161enja!|Preporu\u010dena dob: +3 godine<\/p>\n","protected":false},"featured_media":148053,"template":"","meta":[],"product_cat":[17],"product_tag":[1529,1646],"acf":[],"_links":{"self":[{"href":"https:\/\/smania.store\/hr\/wp-json\/wp\/v2\/product\/148057"}],"collection":[{"href":"https:\/\/smania.store\/hr\/wp-json\/wp\/v2\/product"}],"about":[{"href":"https:\/\/smania.store\/hr\/wp-json\/wp\/v2\/types\/product"}],"wp:featuredmedia":[{"embeddable":true,"href":"https:\/\/smania.store\/hr\/wp-json\/wp\/v2\/media\/148053"}],"wp:attachment":[{"href":"https:\/\/smania.store\/hr\/wp-json\/wp\/v2\/media?parent=148057"}],"wp:term":[{"taxonomy":"product_cat","embeddable":true,"href":"https:\/\/smania.store\/hr\/wp-json\/wp\/v2\/product_cat?post=148057"},{"taxonomy":"product_tag","embeddable":true,"href":"https:\/\/smania.store\/hr\/wp-json\/wp\/v2\/product_tag?post=148057"}],"curies":[{"name":"wp","href":"https:\/\/api.w.org\/{rel}","templated":true}]}}