{"id":148048,"date":"2025-11-21T10:02:10","date_gmt":"2025-11-21T09:02:10","guid":{"rendered":"https:\/\/smania.store\/hr\/proizvod\/driftracer-mini-daljinski-upravljani-drift-auto-igracka\/"},"modified":"2026-04-06T16:47:45","modified_gmt":"2026-04-06T14:47:45","slug":"driftracer-mini-daljinski-upravljani-drift-auto-igracka","status":"publish","type":"product","link":"https:\/\/smania.store\/hr\/proizvod\/driftracer-mini-daljinski-upravljani-drift-auto-igracka\/","title":{"rendered":"DriftRacer\u2122 mini daljinski upravljani drift auto igra\u010dka"},"content":{"rendered":"<div class=\"smania_landing_description_title\">NOVO: O\u010darajte s Miniaturnom Brzinom<\/div>\n<div class=\"smania_landing_description_txt\">Oslobodite svog unutarnjeg brzinskog demona odmah<\/div>\n<div class=\"smania_landing_description_subtitle\">Upoznajte DriftRacer\u2122, va\u0161 mo\u0107ni ure\u0111aj veli\u010dine d\u017eepa stvoren za \u010dist adrenalin! S elegantnim dizajnom i revolucionarnim sposobnostima driftanja, ova mini zvijer savr\u0161ena je za utrkivanje na va\u0161em radnom stolu ili vani. Djelujte odmah i posjedujte ultimativno iskustvo utrkivanja koje stane u va\u0161u ruku!<\/div>\n<div class=\"smania_landing_description_list\">\n<ul>\n<li>Mikro veli\u010dina, makro uzbu\u0111enja: Samo 7.8cm!<\/li>\n<li>Munjevito brzo: Brzine do 15km\/h<\/li>\n<li>Magnetni motor: Glatko ubrzanje<\/li>\n<li>Be\u017ei\u010dna kontrola: Raspon od 2.4GHz<\/li>\n<li>Brzo punjenje: 20 minuta igranja<\/li>\n<li>Potpuni paket: Uklju\u010duje sve dodatke<\/li>\n<\/ul><\/div>\n","protected":false},"excerpt":{"rendered":"<p>Kompaktan, ali mo\u0107an dizajn|Izvrsne performanse pri driftanju|Dinami\u010dki LED svjetlosni efekti|Jednostavno brzo punjenje putem USB-a|Dvije opcije: Plava ili bijela|Udaljenost daljinskog upravlja\u010da: 20-30 metara|Izdr\u017eljivost: oko 25 minuta|Dimenzije automobila: 3.5 x 7.8 x 2.5 cm|Na\u010din punjenja: Type-C priklju\u010dak za punjenje|Pakiranje uklju\u010duje: 1x automobil, 1x 2.4G daljinski upravlja\u010d, 1x kabel za punjenje, 4x prepreka, 1x odvija\u010d<\/p>\n","protected":false},"featured_media":148037,"template":"","meta":[],"product_cat":[17],"product_tag":[1529,1646],"acf":[],"_links":{"self":[{"href":"https:\/\/smania.store\/hr\/wp-json\/wp\/v2\/product\/148048"}],"collection":[{"href":"https:\/\/smania.store\/hr\/wp-json\/wp\/v2\/product"}],"about":[{"href":"https:\/\/smania.store\/hr\/wp-json\/wp\/v2\/types\/product"}],"wp:featuredmedia":[{"embeddable":true,"href":"https:\/\/smania.store\/hr\/wp-json\/wp\/v2\/media\/148037"}],"wp:attachment":[{"href":"https:\/\/smania.store\/hr\/wp-json\/wp\/v2\/media?parent=148048"}],"wp:term":[{"taxonomy":"product_cat","embeddable":true,"href":"https:\/\/smania.store\/hr\/wp-json\/wp\/v2\/product_cat?post=148048"},{"taxonomy":"product_tag","embeddable":true,"href":"https:\/\/smania.store\/hr\/wp-json\/wp\/v2\/product_tag?post=148048"}],"curies":[{"name":"wp","href":"https:\/\/api.w.org\/{rel}","templated":true}]}}