{"id":148036,"date":"2025-11-21T10:00:34","date_gmt":"2025-11-21T09:00:34","guid":{"rendered":"https:\/\/smania.store\/hr\/proizvod\/playglam-djecji-mini-toaletni-stolic-za-sminkanje\/"},"modified":"2026-01-07T15:26:57","modified_gmt":"2026-01-07T14:26:57","slug":"playglam-djecji-mini-toaletni-stolic-za-sminkanje","status":"publish","type":"product","link":"https:\/\/smania.store\/hr\/proizvod\/playglam-djecji-mini-toaletni-stolic-za-sminkanje\/","title":{"rendered":"PlayGlam\u2122 dje\u010dji mini toaletni stoli\u0107 za \u0161minkanje"},"content":{"rendered":"<div class=\"smania_landing_description_title\">NOVO: \u010carobno Iskustvo Obla\u010denja<\/div>\n<div class=\"smania_landing_description_txt\">Glamurozna zabava \u010deka s PlayGlam\u2122!<\/div>\n<div class=\"smania_landing_description_subtitle\"> PlayGlam\u2122 je \u010darobni set za toalet koji dolazi s lampicama, muzikom i beauty dodacima koji omogu\u0107uju va\u0161em djetetu da poka\u017ee svoju ma\u0161tu. Savr\u0161eno za djecu od 3 godine pa navi\u0161e, poti\u010de kreativnost, dru\u0161tvenu igru i ljubav prema stiliziranju. Dopustite svom mali\u0161anu da se zabavlja satima dok u\u010di nove vje\u0161tine!<\/div>\n<div class=\"smania_landing_description_list\">\n<ul>\n<li>Svjetlosni i zvu\u010dni efekti za pobolj\u0161ano iskustvo igre <\/li>\n<li>Slatki fen za kosu koji radi kao pravi <\/li>\n<li>Siguran i jednostavan za kori\u0161tenje, bez o\u0161trih rubova <\/li>\n<li>Uklju\u010duje dodatke za ljepotu za beskrajnu zabavu i kreativnost <\/li>\n<li>Izvla\u010diva ladica za jednostavno pohranjivanje svih dodataka<\/li>\n<\/ul><\/div>\n","protected":false},"excerpt":{"rendered":"<p>Poticanje osobnih higijenskih navika |Prakti\u010dna ladica za jednostavno pohranjivanje |\u0160armantna glazba i svjetla |Idealno za uzrast 3+|Dimenzije: Stol: 45 x 30,5 x 72 cm, Stolica: 20 x 16,5 cm |Pakiranje uklju\u010duje: 1 x Mini stol za obla\u010denje, 1 x Stolica, 1 x Su\u0161ilo za kosu, 3 x Lak za nokte, 2 x Narukvice, 2 x Ru\u017e za usne, 3 x Prstenje, 2 x Gumice za kosu, 1 x Ogrlica, 1 x \u010ce\u0161alj |Napajanje: Potrebno 5 x AA baterija (nisu uklju\u010dene) |Maksimalna te\u017eina: 25 kg<\/p>\n","protected":false},"featured_media":148024,"template":"","meta":[],"product_cat":[17],"product_tag":[1529],"acf":[],"_links":{"self":[{"href":"https:\/\/smania.store\/hr\/wp-json\/wp\/v2\/product\/148036"}],"collection":[{"href":"https:\/\/smania.store\/hr\/wp-json\/wp\/v2\/product"}],"about":[{"href":"https:\/\/smania.store\/hr\/wp-json\/wp\/v2\/types\/product"}],"wp:featuredmedia":[{"embeddable":true,"href":"https:\/\/smania.store\/hr\/wp-json\/wp\/v2\/media\/148024"}],"wp:attachment":[{"href":"https:\/\/smania.store\/hr\/wp-json\/wp\/v2\/media?parent=148036"}],"wp:term":[{"taxonomy":"product_cat","embeddable":true,"href":"https:\/\/smania.store\/hr\/wp-json\/wp\/v2\/product_cat?post=148036"},{"taxonomy":"product_tag","embeddable":true,"href":"https:\/\/smania.store\/hr\/wp-json\/wp\/v2\/product_tag?post=148036"}],"curies":[{"name":"wp","href":"https:\/\/api.w.org\/{rel}","templated":true}]}}