{"id":147972,"date":"2025-11-17T07:55:28","date_gmt":"2025-11-17T06:55:28","guid":{"rendered":"https:\/\/smania.store\/hr\/proizvod\/merryrail-bozicna-slagalica-s-elektricnim-vlakom-25-dijelova\/"},"modified":"2025-12-20T23:38:04","modified_gmt":"2025-12-20T22:38:04","slug":"merryrail-bozicna-slagalica-s-elektricnim-vlakom-25-dijelova","status":"publish","type":"product","link":"https:\/\/smania.store\/hr\/proizvod\/merryrail-bozicna-slagalica-s-elektricnim-vlakom-25-dijelova\/","title":{"rendered":"MerryRail\u2122 Bo\u017ei\u0107na slagalica s elektri\u010dnim vlakom &#8211; 25 dijelova"},"content":{"rendered":"<div class=\"smania_landing_description_title\"> NOVO: Oslobodite kreativnost kroz igru! <\/div>\n<div class=\"smania_landing_description_txt\"> Oslobodite blagdansku kreativnost, spremni za sezonu! <\/div>\n<div class=\"smania_landing_description_subtitle\"> Pripremite se za blagdansku zabavu s MerryRail\u2122 bo\u017ei\u0107nim setom vlakova od 25 dijelova! Ova interaktivna igra\u010dka omogu\u0107uje djeci da izgrade vlastite slagalice za blagdanski elektri\u010dni vlak. To je odli\u010dan na\u010din da mali in\u017eenjeri razviju svoju kreativnost i logi\u010dke vje\u0161tine dok u\u017eivaju u beskrajnom vremenu za igru. <\/div>\n<div class=\"smania_landing_description_list\">\n<ul>\n<li>Sa svakim sklopom sastavite razli\u010dite \u017eeljezni\u010dke tra\u010dnice<\/li>\n<li>Igra\u010dka elektri\u010dni vlak koji se sam vozi<\/li>\n<li>Poti\u010de kreativnost i ma\u0161tu<\/li>\n<li>Pobolj\u0161ava logi\u010dko razmi\u0161ljanje i poti\u010de razvoj motori\u010dkih sposobnosti<\/li>\n<li>Savr\u0161en sve\u010dani dizajn<\/li>\n<li>Kompaktan i jednostavan za pohranu<\/li>\n<\/ul><\/div>\n","protected":false},"excerpt":{"rendered":"<p>Zabava za djecu od 3 godine i vi\u0161e|Anga\u017eira vi\u0161e djece odjednom i nudi priliku za povezivanje obitelji|Dijelovi slagalice koji se lako sastavljaju|Realisti\u010dni oblici vozila|Uklju\u010duje 1\u00d7 elektri\u010dni vlak na AAA bateriju (baterija nije uklju\u010dena)|Sadr\u017ei 25 dijelova (12 dijelova tra\u010dnica + 12 prometnih znakova + igra\u010dka vlak)|Dimenzije proizvoda: 49.6 cm x 37.7 cm|Dijelovi tra\u010dnica mogu se sastaviti na razli\u010dite na\u010dine<\/p>\n","protected":false},"featured_media":147960,"template":"","meta":[],"product_cat":[17],"product_tag":[1529,1649],"acf":[],"_links":{"self":[{"href":"https:\/\/smania.store\/hr\/wp-json\/wp\/v2\/product\/147972"}],"collection":[{"href":"https:\/\/smania.store\/hr\/wp-json\/wp\/v2\/product"}],"about":[{"href":"https:\/\/smania.store\/hr\/wp-json\/wp\/v2\/types\/product"}],"wp:featuredmedia":[{"embeddable":true,"href":"https:\/\/smania.store\/hr\/wp-json\/wp\/v2\/media\/147960"}],"wp:attachment":[{"href":"https:\/\/smania.store\/hr\/wp-json\/wp\/v2\/media?parent=147972"}],"wp:term":[{"taxonomy":"product_cat","embeddable":true,"href":"https:\/\/smania.store\/hr\/wp-json\/wp\/v2\/product_cat?post=147972"},{"taxonomy":"product_tag","embeddable":true,"href":"https:\/\/smania.store\/hr\/wp-json\/wp\/v2\/product_tag?post=147972"}],"curies":[{"name":"wp","href":"https:\/\/api.w.org\/{rel}","templated":true}]}}