{"id":147953,"date":"2025-11-17T07:33:33","date_gmt":"2025-11-17T06:33:33","guid":{"rendered":"https:\/\/smania.store\/hr\/proizvod\/powercrew-elektricni-gradevinski-stroj-s-daljinskim-upravljanjem\/"},"modified":"2026-05-02T13:45:50","modified_gmt":"2026-05-02T11:45:50","slug":"powercrew-elektricni-gradevinski-stroj-s-daljinskim-upravljanjem","status":"publish","type":"product","link":"https:\/\/smania.store\/hr\/proizvod\/powercrew-elektricni-gradevinski-stroj-s-daljinskim-upravljanjem\/","title":{"rendered":"PowerCrew\u2122 elektri\u010dni gra\u0111evinski stroj s daljinskim upravljanjem"},"content":{"rendered":"<div class=\"smania_landing_description_title\">NOVO: Savladajte teren bilo gdje<\/div>\n<div class=\"smania_landing_description_txt\">Kiper kamion. Buldo\u017eer. Bager. Izgradite zabavu!<\/div>\n<div class=\"smania_landing_description_subtitle\">Preuzmite kontrolu nad akcijom uz PowerCrew\u2122 \u2013 vrhunsku gra\u0111evinsku flotu na daljinsko upravljanje! Birajte izme\u0111u mo\u0107nog kipera, nezaustavljivog buldo\u017eera ili sna\u017enog bagera i unesite pravu gradili\u0161nu energiju u svoje vrijeme za igru. Savr\u0161eno za avanture u pijesku, zemlji ili dvori\u0161tu.<\/div>\n<div class=\"smania_landing_description_list\">\n<ul>\n<li>Te\u0161ka konstrukcija za sve terene<\/li>\n<li>Ultra responzivni daljinski upravlja\u010d<\/li>\n<li>3 jedinstvena modela za kolekciju<\/li>\n<li>Punjiva dugotrajna snaga<\/li>\n<li>Poti\u010de kreativnost i koordinaciju<\/li>\n<\/ul><\/div>\n","protected":false},"excerpt":{"rendered":"<p>Izgra\u0111en za akciju na pijesku i prljav\u0161tini|Detaljan realizam u svakom modelu|Sigurno i izdr\u017eljivo za beskrajnu igru|Idealna veli\u010dina za avanture u zatvorenom prostoru|Zamjena baterije bez problema|Prikladno za dob: 3+|Vrijeme punjenja: 1-2 sata|Daljinska udaljenost: oko 30-40 metara|Akumulator vozila: punjiva litijeva baterija 3,7V 500 mAh|Paket uklju\u010duje: 1 \u00d7 RC vozilo, 1 \u00d7 2.4GHz daljinski upravlja\u010d (potrebne 2x AA baterije), 1 \u00d7 3.7V USB kabel za punjenje, 1 x 500mAh baterija, 1 \u00d7 korisni\u010dki priru\u010dnik, 1 \u00d7 odvija\u010d<\/p>\n","protected":false},"featured_media":147942,"template":"","meta":[],"product_cat":[17],"product_tag":[1529,1646],"acf":[],"_links":{"self":[{"href":"https:\/\/smania.store\/hr\/wp-json\/wp\/v2\/product\/147953"}],"collection":[{"href":"https:\/\/smania.store\/hr\/wp-json\/wp\/v2\/product"}],"about":[{"href":"https:\/\/smania.store\/hr\/wp-json\/wp\/v2\/types\/product"}],"wp:featuredmedia":[{"embeddable":true,"href":"https:\/\/smania.store\/hr\/wp-json\/wp\/v2\/media\/147942"}],"wp:attachment":[{"href":"https:\/\/smania.store\/hr\/wp-json\/wp\/v2\/media?parent=147953"}],"wp:term":[{"taxonomy":"product_cat","embeddable":true,"href":"https:\/\/smania.store\/hr\/wp-json\/wp\/v2\/product_cat?post=147953"},{"taxonomy":"product_tag","embeddable":true,"href":"https:\/\/smania.store\/hr\/wp-json\/wp\/v2\/product_tag?post=147953"}],"curies":[{"name":"wp","href":"https:\/\/api.w.org\/{rel}","templated":true}]}}