{"id":147936,"date":"2025-11-17T07:27:22","date_gmt":"2025-11-17T06:27:22","guid":{"rendered":"https:\/\/smania.store\/hr\/proizvod\/minetorch-7-bojna-punjiva-zidna-led-lampa\/"},"modified":"2026-03-08T19:02:58","modified_gmt":"2026-03-08T18:02:58","slug":"minetorch-7-bojna-punjiva-zidna-led-lampa","status":"publish","type":"product","link":"https:\/\/smania.store\/hr\/proizvod\/minetorch-7-bojna-punjiva-zidna-led-lampa\/","title":{"rendered":"MineTorch\u2122 7-bojna punjiva zidna LED lampa"},"content":{"rendered":"<div class=\"smania_landing_description_title\">NOVO \u2013 7 Boja Svjetla &amp; Punjenje<\/div>\n<div class=\"smania_landing_description_txt\">Pretvorite svoj prostor u gaming san<\/div>\n<div class=\"smania_landing_description_subtitle\">Upoznajte MineTorch, svestranu, punjivu lampu s elegantnim i prenosivim dizajnom. Savr\u0161ena za stvaranje atmosfere u svakoj prostoriji, mo\u017ee mijenjati boje kako bi odgovarala svakoj prilici i odli\u010dna je za ku\u0107nu upotrebu, putovanja ili kao poklon.<\/div>\n<div class=\"smania_landing_description_list\">\n<ul>\n<li>7 sjajnih boja koje odgovaraju va\u0161em raspolo\u017eenju <\/li>\n<li>Mo\u017ee se koristiti kao prijenosna, zidna ili stoje\u0107a svjetiljka <\/li>\n<li>U\u017eivajte do 8 sati svjetlosti s jednim punjenjem <\/li>\n<li>Potrebno je 3,5 sati za potpuno punjenje <\/li>\n<li>Idealni poklon za obo\u017eavatelje igara<\/li>\n<\/ul><\/div>\n","protected":false},"excerpt":{"rendered":"<p>\u017divopisni na\u010dini promjene boje |Umiruju\u0107e, neupadljivo ambijentalno svjetlo |Izdr\u017eljiva plastika visoke kvalitete |Dizajn prilago\u0111en djeci|Dimenzije proizvoda: 28 cm x 5,5 cm |Punjenje: USB-C kabel (uklju\u010den) |Boje za prebacivanje: crvena, zelena, plava, \u017euta, ljubi\u010dasta, svijetloplava, ru\u017ei\u010dasta |Opremljen otvorom za jednostavno monta\u017eu na zid<\/p>\n","protected":false},"featured_media":147924,"template":"","meta":[],"product_cat":[16,17],"product_tag":[1529,1496,1549],"acf":[],"_links":{"self":[{"href":"https:\/\/smania.store\/hr\/wp-json\/wp\/v2\/product\/147936"}],"collection":[{"href":"https:\/\/smania.store\/hr\/wp-json\/wp\/v2\/product"}],"about":[{"href":"https:\/\/smania.store\/hr\/wp-json\/wp\/v2\/types\/product"}],"wp:featuredmedia":[{"embeddable":true,"href":"https:\/\/smania.store\/hr\/wp-json\/wp\/v2\/media\/147924"}],"wp:attachment":[{"href":"https:\/\/smania.store\/hr\/wp-json\/wp\/v2\/media?parent=147936"}],"wp:term":[{"taxonomy":"product_cat","embeddable":true,"href":"https:\/\/smania.store\/hr\/wp-json\/wp\/v2\/product_cat?post=147936"},{"taxonomy":"product_tag","embeddable":true,"href":"https:\/\/smania.store\/hr\/wp-json\/wp\/v2\/product_tag?post=147936"}],"curies":[{"name":"wp","href":"https:\/\/api.w.org\/{rel}","templated":true}]}}