{"id":147679,"date":"2025-11-06T07:29:47","date_gmt":"2025-11-06T06:29:47","guid":{"rendered":"https:\/\/smania.store\/hr\/proizvod\/merrypine-sklopivo-unaprijed-ukraseno-bozicno-drvce\/"},"modified":"2025-12-11T10:34:59","modified_gmt":"2025-12-11T09:34:59","slug":"merrypine-sklopivo-unaprijed-ukraseno-bozicno-drvce","status":"publish","type":"product","link":"https:\/\/smania.store\/hr\/proizvod\/merrypine-sklopivo-unaprijed-ukraseno-bozicno-drvce\/","title":{"rendered":"MerryPine\u2122 sklopivo, unaprijed ukra\u0161eno bo\u017ei\u0107no drvce"},"content":{"rendered":"<div class=\"smania_landing_description_title\">NOVO! Instantna blagdanska \u010darolija za nekoliko minuta<\/div>\n<div class=\"smania_landing_description_txt\">Bo\u017ei\u0107na \u010darolija u minuti \u2013 bez muke, samo radost<\/div>\n<div class=\"smania_landing_description_subtitle\">U\u017eivajte u prekrasno ukra\u0161enom drvcu bez mrdnje prstom. MerryPine\u2122 se otvara za nekoliko sekundi, a ukra\u0161en je prekrasnim ukrasima, vrpcama, ma\u0161nama, li\u0161\u0107em, bo\u017ei\u0107nim zvijezdama i LED lampicama, \u0161to blagdansko ukra\u0161avanje \u010dini jednostavnim i bez stresa.<\/div>\n<div class=\"smania_landing_description_list\">\n<ul>\n<li>Brzi sko\u010dni dizajn \u2013 sastavljanje za manje od minute<\/li>\n<li>LED svjetla na daljinsko upravljanje \u2013 nije potrebno saginjanje ili posezanje<\/li>\n<li>Unaprijed ukra\u0161eno ukrasima, vrpcama, ma\u0161nama \u2013 u\u0161tedite vrijeme na ukra\u0161avanju<\/li>\n<li>Izdr\u017eljiv PVC bez mirisa \u2013 siguran za djecu i ku\u0107ne ljubimce<\/li>\n<li>Idealno za unutarnju i vanjsku upotrebu &#8211; dnevni boravak, verandu, ured ili terasu<\/li>\n<li>Idealno za starije osobe \u2013 eliminira kompliciranu monta\u017eu<\/li>\n<\/ul><\/div>\n","protected":false},"excerpt":{"rendered":"<p>Brzo postavljanje|Daljinski upravlja\u010d|Unaprijed ukra\u0161eno|Izdr\u017eljivo i sigurno|Boje: Crvena\/Zlatna, Srebrna|Visina: 180 cm|LED svjetla: toplo bijela|Materijal: PVC, netoksi\u010dan i izdr\u017eljiv<\/p>\n","protected":false},"featured_media":147668,"template":"","meta":[],"product_cat":[16,21],"product_tag":[2509,1549],"acf":[],"_links":{"self":[{"href":"https:\/\/smania.store\/hr\/wp-json\/wp\/v2\/product\/147679"}],"collection":[{"href":"https:\/\/smania.store\/hr\/wp-json\/wp\/v2\/product"}],"about":[{"href":"https:\/\/smania.store\/hr\/wp-json\/wp\/v2\/types\/product"}],"wp:featuredmedia":[{"embeddable":true,"href":"https:\/\/smania.store\/hr\/wp-json\/wp\/v2\/media\/147668"}],"wp:attachment":[{"href":"https:\/\/smania.store\/hr\/wp-json\/wp\/v2\/media?parent=147679"}],"wp:term":[{"taxonomy":"product_cat","embeddable":true,"href":"https:\/\/smania.store\/hr\/wp-json\/wp\/v2\/product_cat?post=147679"},{"taxonomy":"product_tag","embeddable":true,"href":"https:\/\/smania.store\/hr\/wp-json\/wp\/v2\/product_tag?post=147679"}],"curies":[{"name":"wp","href":"https:\/\/api.w.org\/{rel}","templated":true}]}}