{"id":147373,"date":"2025-10-28T12:12:52","date_gmt":"2025-10-28T11:12:52","guid":{"rendered":"https:\/\/smania.store\/hr\/proizvod\/dreammill-stolna-led-fontana-s-vodenim-mlinom\/"},"modified":"2026-04-25T17:54:16","modified_gmt":"2026-04-25T15:54:16","slug":"dreammill-stolna-led-fontana-s-vodenim-mlinom","status":"publish","type":"product","link":"https:\/\/smania.store\/hr\/proizvod\/dreammill-stolna-led-fontana-s-vodenim-mlinom\/","title":{"rendered":"DreamMill\u2122 stolna LED fontana s vodenim mlinom"},"content":{"rendered":"<div class=\"smania_landing_description_title\">NOVO: Unosi prirodu u va\u0161 prostor<\/div>\n<div class=\"smania_landing_description_txt\">Transformirajte svoj prostor smireno\u0161\u0107u<\/div>\n<div class=\"smania_landing_description_subtitle\"> Pobolj\u0161ajte svoj dom ili ured umiruju\u0107im zvukovima vodenih slapova i nje\u017enim sjajem no\u0107nog svjetla, osmi\u0161ljenog da otopi stres i stvori spokojno uto\u010di\u0161te. Savr\u0161en za svaki prostor, kompaktni dizajn osigurava da je mir uvijek nadohvat ruke. <\/div>\n<div class=\"smania_landing_description_list\">\n<ul>\n<li>Prirodno opu\u0161tanje kod ku\u0107e<\/li>\n<li>Ubla\u017eavanje stresa kroz nje\u017ene mlazove<\/li>\n<li>Pobolj\u0161ava dekor elegancijom<\/li>\n<li>Uklanja svakodnevne napetosti<\/li>\n<li>Stvara umiruju\u0107u atmosferu bez stresa<\/li>\n<li>Idealan izbor poklona za voljene osobe<\/li>\n<\/ul><\/div>\n","protected":false},"excerpt":{"rendered":"<p>Izra\u0111eno od visokokvalitetne, izdr\u017eljive smole|Kompaktna veli\u010dina odgovara svakoj stolnoj povr\u0161ini|Meko osvjetljenje za umiruju\u0107u atmosferu|Dimenzije: 28 x 26 x 19 cm|Te\u017eina: 1,30 kg|Materijal: Visokokvalitetna, izdr\u017eljiva smola<\/p>\n","protected":false},"featured_media":147362,"template":"","meta":[],"product_cat":[16],"product_tag":[1549],"acf":[],"_links":{"self":[{"href":"https:\/\/smania.store\/hr\/wp-json\/wp\/v2\/product\/147373"}],"collection":[{"href":"https:\/\/smania.store\/hr\/wp-json\/wp\/v2\/product"}],"about":[{"href":"https:\/\/smania.store\/hr\/wp-json\/wp\/v2\/types\/product"}],"wp:featuredmedia":[{"embeddable":true,"href":"https:\/\/smania.store\/hr\/wp-json\/wp\/v2\/media\/147362"}],"wp:attachment":[{"href":"https:\/\/smania.store\/hr\/wp-json\/wp\/v2\/media?parent=147373"}],"wp:term":[{"taxonomy":"product_cat","embeddable":true,"href":"https:\/\/smania.store\/hr\/wp-json\/wp\/v2\/product_cat?post=147373"},{"taxonomy":"product_tag","embeddable":true,"href":"https:\/\/smania.store\/hr\/wp-json\/wp\/v2\/product_tag?post=147373"}],"curies":[{"name":"wp","href":"https:\/\/api.w.org\/{rel}","templated":true}]}}