{"id":147360,"date":"2025-10-28T12:02:18","date_gmt":"2025-10-28T11:02:18","guid":{"rendered":"https:\/\/smania.store\/hr\/proizvod\/foldtub-sklopiva-prijenosna-izolirana-kada\/"},"modified":"2026-04-12T00:37:13","modified_gmt":"2026-04-11T22:37:13","slug":"foldtub-sklopiva-prijenosna-izolirana-kada","status":"publish","type":"product","link":"https:\/\/smania.store\/hr\/proizvod\/foldtub-sklopiva-prijenosna-izolirana-kada\/","title":{"rendered":"FoldTub\u2122 sklopiva prijenosna izolirana kada"},"content":{"rendered":"<div class=\"smania_landing_description_title\">NOVO: Bez napora transformirajte vrijeme kupanja<\/div>\n<div class=\"smania_landing_description_txt\">Pobolj\u0161ajte svoje kupanje u sekundama!<\/div>\n<div class=\"smania_landing_description_subtitle\">Unaprijedite svoju igru opu\u0161tanja s FoldTub\u2122 sklopivom prijenosnom izoliranom kadom! Nema sastavljanja utopljenog u slo\u017eenim uputama &#8211; rasklopite je za samo nekoliko sekundi i uronite u svijet udobnosti.<\/div>\n<div class=\"smania_landing_description_list\">\n<ul>\n<li>Jednostavna instalacija za manje od 5 sekundi<\/li>\n<li>Sklopivi dizajn koji \u0161tedi prostor<\/li>\n<li>Zadr\u017eava temperaturu do 2 sata<\/li>\n<li>Vrhunski materijali osiguravaju dugotrajnu izdr\u017eljivost<\/li>\n<li>Ekolo\u0161ki prihvatljivo s bisernim pamukom koji \u010duva toplinu<\/li>\n<li>Svestrano: namakanje, ledena kupka, dje\u010dji bazen<\/li>\n<\/ul><\/div>\n","protected":false},"excerpt":{"rendered":"<p>Brzo i jednostavno postavljanje|U\u010dinkovit sustav dvostruke odvodnje|Zadr\u017eava temperaturu do 2 sata|Idealno za opu\u0161tanje i hladnu terapiju|Idealno za unutarnju i vanjsku upotrebu|Boja: Zvjezdano plava|Materijal: Biserni pamuk + PVC|Dimenzije: 70 x 65 cm|Te\u017eina: 3,1 kg|Na\u010din ugradnje: Samostoje\u0107i<\/p>\n","protected":false},"featured_media":147347,"template":"","meta":[],"product_cat":[16,21],"product_tag":[1550,1519],"acf":[],"_links":{"self":[{"href":"https:\/\/smania.store\/hr\/wp-json\/wp\/v2\/product\/147360"}],"collection":[{"href":"https:\/\/smania.store\/hr\/wp-json\/wp\/v2\/product"}],"about":[{"href":"https:\/\/smania.store\/hr\/wp-json\/wp\/v2\/types\/product"}],"wp:featuredmedia":[{"embeddable":true,"href":"https:\/\/smania.store\/hr\/wp-json\/wp\/v2\/media\/147347"}],"wp:attachment":[{"href":"https:\/\/smania.store\/hr\/wp-json\/wp\/v2\/media?parent=147360"}],"wp:term":[{"taxonomy":"product_cat","embeddable":true,"href":"https:\/\/smania.store\/hr\/wp-json\/wp\/v2\/product_cat?post=147360"},{"taxonomy":"product_tag","embeddable":true,"href":"https:\/\/smania.store\/hr\/wp-json\/wp\/v2\/product_tag?post=147360"}],"curies":[{"name":"wp","href":"https:\/\/api.w.org\/{rel}","templated":true}]}}