{"id":147306,"date":"2025-10-27T10:22:53","date_gmt":"2025-10-27T09:22:53","guid":{"rendered":"https:\/\/smania.store\/hr\/proizvod\/radifloat-plutajuca-polica-za-radijator\/"},"modified":"2026-04-14T13:56:54","modified_gmt":"2026-04-14T11:56:54","slug":"radifloat-plutajuca-polica-za-radijator","status":"publish","type":"product","link":"https:\/\/smania.store\/hr\/proizvod\/radifloat-plutajuca-polica-za-radijator\/","title":{"rendered":"RadiFloat\u2122 plutaju\u0107a polica za radijator"},"content":{"rendered":"<div class=\"smania_landing_description_title\">NOVO: RadiFloat\u2122 plutaju\u0107a polica za radijator<\/div>\n<div class=\"smania_landing_description_txt\">Prostor za koji niste ni znali da postoji!<\/div>\n<div class=\"smania_landing_description_subtitle\">  Elegantna hrastova polica koja pru\u017ea dodatni prostor i stil iznad radijatora \u2013 jednostavna za postavljanje, prekrasno izra\u0111ena i dizajnirana da se s elegancijom RadiFloat\u2122 uklopi u svaki prostor.  <\/div>\n<div class=\"smania_landing_description_list\">\n<ul>\n<li>Stabilna i izdr\u017eljiva aluminijska konstrukcija<\/li>\n<li>Bez bu\u0161enja i o\u0161te\u0107enja zidova<\/li>\n<li>Vi\u0161enamjenska polica za dodatno skladi\u0161tenje<\/li>\n<li>Ekolo\u0161ki za\u0161titni premaz<\/li>\n<li>Podnosi do 12 kg optere\u0107enja<\/li>\n<\/ul><\/div>\n","protected":false},"excerpt":{"rendered":"<p>Pru\u017ea prakti\u010dan prostor za pohranu|Unosi stil u svaki dom|Jednostavna monta\u017ea bez bu\u0161enja|Moderan i elegantan dizajn|Prikladna za radijatore razli\u010ditih veli\u010dina|Materijal: Masivni hrast|Duljina: 100 ili 60 cm|Zavr\u0161na obrada: Prirodna ili obojena|Maksimalno optere\u0107enje: do 12 kg (ravnomjerno raspore\u0111eno)|Nosa\u010d: Uklju\u010duje 2 aluminijska nosa\u010da<\/p>\n","protected":false},"featured_media":147295,"template":"","meta":[],"product_cat":[16],"product_tag":[2509,1550],"acf":[],"_links":{"self":[{"href":"https:\/\/smania.store\/hr\/wp-json\/wp\/v2\/product\/147306"}],"collection":[{"href":"https:\/\/smania.store\/hr\/wp-json\/wp\/v2\/product"}],"about":[{"href":"https:\/\/smania.store\/hr\/wp-json\/wp\/v2\/types\/product"}],"wp:featuredmedia":[{"embeddable":true,"href":"https:\/\/smania.store\/hr\/wp-json\/wp\/v2\/media\/147295"}],"wp:attachment":[{"href":"https:\/\/smania.store\/hr\/wp-json\/wp\/v2\/media?parent=147306"}],"wp:term":[{"taxonomy":"product_cat","embeddable":true,"href":"https:\/\/smania.store\/hr\/wp-json\/wp\/v2\/product_cat?post=147306"},{"taxonomy":"product_tag","embeddable":true,"href":"https:\/\/smania.store\/hr\/wp-json\/wp\/v2\/product_tag?post=147306"}],"curies":[{"name":"wp","href":"https:\/\/api.w.org\/{rel}","templated":true}]}}