{"id":147043,"date":"2025-10-21T08:54:34","date_gmt":"2025-10-21T06:54:34","guid":{"rendered":"https:\/\/smania.store\/hr\/proizvod\/foamclear-pjena-za-ciscenje\/"},"modified":"2026-04-11T17:12:10","modified_gmt":"2026-04-11T15:12:10","slug":"foamclear-pjena-za-ciscenje","status":"publish","type":"product","link":"https:\/\/smania.store\/hr\/proizvod\/foamclear-pjena-za-ciscenje\/","title":{"rendered":"FoamClear pjena za \u010di\u0161\u0107enje"},"content":{"rendered":"<div class=\"smania_landing_description_title\">NOVO! \u010carobno sredstvo za \u010di\u0161\u0107enje za va\u0161 automobil i dom<\/div>\n<div class=\"smania_landing_description_txt\">Poprskajte, obri\u0161ite i prljav\u0161tina je nestala!<\/div>\n<div class=\"smania_landing_description_subtitle\">FoamClear je sna\u017ena vi\u0161enamjenska pjena za \u010di\u0161\u0107enje dizajnirana za brzo i jednostavno \u010di\u0161\u0107enje bilo gdje &#8211; kod ku\u0107e, u automobilu ili u uredu. U\u010dinkovito uklanja masno\u0107u, prljav\u0161tinu i tvrdokorne mrlje, a istovremeno osvje\u017eava i \u0161titi povr\u0161ine.<\/div>\n<div class=\"smania_landing_description_list\">\n<ul>\n<li>Vi\u0161enamjenska snaga: Savr\u0161eno za \u010di\u0161\u0107enje svih vrsta povr\u0161ina &#8211; plastike, ko\u017ee, vinila, gume, tkanine, tapeciranog namje\u0161taja, kuhinjskih radnih plo\u010da, kupaonskih plo\u010dica i jo\u0161 mnogo toga.<\/li>\n<li>Formula za dubinsko \u010di\u0161\u0107enje: Dubinski prodire kako bi uklonila masno\u0107u, ulje i tvrdokorne mrlje za potpuno i dugotrajno \u010di\u0161\u0107enje.<\/li>\n<li>Sigurno i nje\u017eno: Neabrazivno i sigurno za ruke &#8211; sna\u017eno prema prljav\u0161tini, ali nje\u017eno prema va\u0161oj ko\u017ei i povr\u0161inama.<\/li>\n<li>Jednostavno za kori\u0161tenje: Jednostavno poprskajte, obri\u0161ite spu\u017evom ili krpom i u\u017eivajte u svje\u017eoj, \u010distoj povr\u0161ini &#8211; nije potrebno ispiranje.<\/li>\n<li>Dugotrajna za\u0161tita: Stvara za\u0161titni sloj koji je otporan na nakupljanje pra\u0161ine i UV o\u0161te\u0107enja, dulje odr\u017eavaju\u0107i povr\u0161ine novima.<\/li>\n<\/ul><\/div>\n","protected":false},"excerpt":{"rendered":"<p>U\u010dinkovito \u010di\u0161\u0107enje za va\u0161 dom ili automobil.|Poma\u017ee u sprje\u010davanju blije\u0111enja, pucanja i starenja na \u0161irokom rasponu materijala.|Postignite besprijekornu \u010disto\u0107u za nekoliko sekundi &#8211; samo poprskajte i obri\u0161ite!|Uklju\u010duje ugra\u0111enu \u010detku za uklanjanje tvrdokorne prljav\u0161tine i pra\u0161ine.|Pogodno za: plastiku, ko\u017eu, vinil, gumu, tkaninu, tepihe, kuhinjske aparate, kupaonske elemente i jo\u0161 mnogo toga|Volumen: 650 ml|Rok trajanja: 3 godine|Ugra\u0111ena UV za\u0161tita<\/p>\n","protected":false},"featured_media":147021,"template":"","meta":[],"product_cat":[18,2781,223],"product_tag":[2782,1515],"acf":[],"_links":{"self":[{"href":"https:\/\/smania.store\/hr\/wp-json\/wp\/v2\/product\/147043"}],"collection":[{"href":"https:\/\/smania.store\/hr\/wp-json\/wp\/v2\/product"}],"about":[{"href":"https:\/\/smania.store\/hr\/wp-json\/wp\/v2\/types\/product"}],"wp:featuredmedia":[{"embeddable":true,"href":"https:\/\/smania.store\/hr\/wp-json\/wp\/v2\/media\/147021"}],"wp:attachment":[{"href":"https:\/\/smania.store\/hr\/wp-json\/wp\/v2\/media?parent=147043"}],"wp:term":[{"taxonomy":"product_cat","embeddable":true,"href":"https:\/\/smania.store\/hr\/wp-json\/wp\/v2\/product_cat?post=147043"},{"taxonomy":"product_tag","embeddable":true,"href":"https:\/\/smania.store\/hr\/wp-json\/wp\/v2\/product_tag?post=147043"}],"curies":[{"name":"wp","href":"https:\/\/api.w.org\/{rel}","templated":true}]}}