{"id":147020,"date":"2025-10-21T07:42:40","date_gmt":"2025-10-21T05:42:40","guid":{"rendered":"https:\/\/smania.store\/hr\/proizvod\/nutcracker-2-u-1-otvarac-za-kestene-i-orahe\/"},"modified":"2025-10-26T15:55:21","modified_gmt":"2025-10-26T14:55:21","slug":"nutcracker-2-u-1-otvarac-za-kestene-i-orahe","status":"publish","type":"product","link":"https:\/\/smania.store\/hr\/proizvod\/nutcracker-2-u-1-otvarac-za-kestene-i-orahe\/","title":{"rendered":"NutCracker\u2122 2 u 1 otvara\u010d za kestene i orahe"},"content":{"rendered":"<div class=\"smania_landing_description_title\">NOVO: Alat za razbijanje oraha bez napora<\/div>\n<div class=\"smania_landing_description_txt\">Jednostavno pucanje za nekoliko sekundi!<\/div>\n<div class=\"smania_landing_description_subtitle\">Predstavljamo NutCracker\u2122 \u2013 ultimativni krcka\u010d za orahe na koji ste \u010dekali! Recite zbogom tvrdoglavim ljuskama i pozdravite ukusne ora\u0161aste plodove u sekundama.<\/div>\n<div class=\"smania_landing_description_list\">\n<ul>\n<li>Konusni oblik odgovara svim maticama<\/li>\n<li>Visokokvalitetna konstrukcija od nehr\u0111aju\u0107eg \u010delika<\/li>\n<li>Ergonomski dizajn s oprugom<\/li>\n<li>Neklizaju\u0107a ru\u010dka za siguran hvat<\/li>\n<li>Dizajn poluge \u0161tedi trud<\/li>\n<\/ul><\/div>\n","protected":false},"excerpt":{"rendered":"<p>Jednodijelni be\u0161avni dizajn|Otporno na hr\u0111u i koroziju|Idealno za sve ora\u0161aste plodove|Brzo i jednostavno pucanje|Boja: Srebrna|Te\u017eina: 200 g|Duljina: 21 cm|Materijal: Nehr\u0111aju\u0107i \u010delik<\/p>\n","protected":false},"featured_media":147008,"template":"","meta":[],"product_cat":[223],"product_tag":[1511],"acf":[],"_links":{"self":[{"href":"https:\/\/smania.store\/hr\/wp-json\/wp\/v2\/product\/147020"}],"collection":[{"href":"https:\/\/smania.store\/hr\/wp-json\/wp\/v2\/product"}],"about":[{"href":"https:\/\/smania.store\/hr\/wp-json\/wp\/v2\/types\/product"}],"wp:featuredmedia":[{"embeddable":true,"href":"https:\/\/smania.store\/hr\/wp-json\/wp\/v2\/media\/147008"}],"wp:attachment":[{"href":"https:\/\/smania.store\/hr\/wp-json\/wp\/v2\/media?parent=147020"}],"wp:term":[{"taxonomy":"product_cat","embeddable":true,"href":"https:\/\/smania.store\/hr\/wp-json\/wp\/v2\/product_cat?post=147020"},{"taxonomy":"product_tag","embeddable":true,"href":"https:\/\/smania.store\/hr\/wp-json\/wp\/v2\/product_tag?post=147020"}],"curies":[{"name":"wp","href":"https:\/\/api.w.org\/{rel}","templated":true}]}}