{"id":146701,"date":"2025-10-13T04:33:23","date_gmt":"2025-10-13T02:33:23","guid":{"rendered":"https:\/\/smania.store\/hr\/proizvod\/steplad-podesiva-platforma-za-ljestve\/"},"modified":"2026-04-21T22:30:41","modified_gmt":"2026-04-21T20:30:41","slug":"steplad-podesiva-platforma-za-ljestve","status":"publish","type":"product","link":"https:\/\/smania.store\/hr\/proizvod\/steplad-podesiva-platforma-za-ljestve\/","title":{"rendered":"StepLad\u2122 Podesiva platforma za ljestve"},"content":{"rendered":"<div class=\"smania_landing_description_title\">NOVO, Pove\u0107ajte svoju sigurnost<\/div>\n<div class=\"smania_landing_description_txt\">Va\u0161a sigurna i pouzdana stepenica za svaki posao!<\/div>\n<div class=\"smania_landing_description_subtitle\">Upoznajte StepLad\u2122, va\u0161eg vrhunskog suputnika za ljestve dizajniranog da revolucionira va\u0161e radno iskustvo. Osje\u0107ajte se sigurno s njihovom robusnom nosivo\u0161\u0107u od 170 kg i prostranom povr\u0161inom. Sigurno stojte, balansirajte i savladavajte svoje zadatke br\u017ee i u\u010dinkovitije nego ikad!<\/div>\n<div class=\"smania_landing_description_list\">\n<ul>\n<li>Robusna stabilnost podnosi te\u017einu do 170 kg<\/li>\n<li>Jednostavan pristup alatima i materijalima<\/li>\n<li>Prijenosni i lagani dizajn<\/li>\n<li>Zavr\u0161ite zadatke dvostruko br\u017ee<\/li>\n<li>Idealno za bojanje, odr\u017eavanje i jo\u0161 mnogo toga<\/li>\n<\/ul><\/div>\n","protected":false},"excerpt":{"rendered":"<p>Pove\u0107ana sigurnost na svim visinama|Savr\u0161eno za ljubitelje &#8220;uradi sam&#8221; projekata|Podr\u017eava te\u0161ke zadatke|Jednostavno pri\u010dvr\u0161\u0107ivanje i uklanjanje|Odgovara bilo kojim ljestvama|Materijal: \u017deljezo|Maks. nosivost: 170 kg|Te\u017eina artikla: 2 kg|Dimenzije: 48 x 31 x 13 cm|Posebna zna\u010dajka: Dodatna stepenica, sklopiva<\/p>\n","protected":false},"featured_media":146690,"template":"","meta":[],"product_cat":[16,222],"product_tag":[1500],"acf":[],"_links":{"self":[{"href":"https:\/\/smania.store\/hr\/wp-json\/wp\/v2\/product\/146701"}],"collection":[{"href":"https:\/\/smania.store\/hr\/wp-json\/wp\/v2\/product"}],"about":[{"href":"https:\/\/smania.store\/hr\/wp-json\/wp\/v2\/types\/product"}],"wp:featuredmedia":[{"embeddable":true,"href":"https:\/\/smania.store\/hr\/wp-json\/wp\/v2\/media\/146690"}],"wp:attachment":[{"href":"https:\/\/smania.store\/hr\/wp-json\/wp\/v2\/media?parent=146701"}],"wp:term":[{"taxonomy":"product_cat","embeddable":true,"href":"https:\/\/smania.store\/hr\/wp-json\/wp\/v2\/product_cat?post=146701"},{"taxonomy":"product_tag","embeddable":true,"href":"https:\/\/smania.store\/hr\/wp-json\/wp\/v2\/product_tag?post=146701"}],"curies":[{"name":"wp","href":"https:\/\/api.w.org\/{rel}","templated":true}]}}