{"id":146541,"date":"2025-10-09T13:02:15","date_gmt":"2025-10-09T11:02:15","guid":{"rendered":"https:\/\/smania.store\/hr\/proizvod\/antiweeds-100-prirodni-inhibitor-rasta-korova\/"},"modified":"2025-10-09T13:02:15","modified_gmt":"2025-10-09T11:02:15","slug":"antiweeds-100-prirodni-inhibitor-rasta-korova","status":"publish","type":"product","link":"https:\/\/smania.store\/hr\/proizvod\/antiweeds-100-prirodni-inhibitor-rasta-korova\/","title":{"rendered":"AntiWeeds \u2013 100% prirodni inhibitor rasta korova"},"content":{"rendered":"<div class=\"smania_landing_description_title\">NOVO: Recite zbogom korovu!<\/div>\n<div class=\"smania_landing_description_txt\">Pretvorite svoj vrt u uto\u010di\u0161te \u017eivota!<\/div>\n<div class=\"smania_landing_description_subtitle\"> Upoznajte AntiWeeds, novog najboljeg prijatelja va\u0161eg vrta. Ovo ekolo\u0161ki prihvatljivo, biorazgradivo \u010dudo uvodi inovacije u tradicionalno suzbijanje korova uklanjanjem ne\u017eeljenih vrtnih gostiju bez agresivnih kemikalija.<\/div>\n<div class=\"smania_landing_description_list\">\n<ul>\n<li>Ekolo\u0161ki prihvatljiva formula pogodna za organske vrtove<\/li>\n<li>Prirodno biorazgradivo, osiguravaju\u0107i sigurniji okoli\u0161<\/li>\n<li>Jednostavno za nano\u0161enje; odr\u017eavanje vrta bez muke<\/li>\n<li>Odr\u017eava vrtove bez korova, poti\u010du\u0107i zdravlje biljaka<\/li>\n<li>Nje\u017ean prema biljkama, nemilosrdan prema korovu<\/li>\n<li>Idealno za ekolo\u0161ki osvije\u0161tene domove i zajednice<\/li>\n<\/ul><\/div>\n","protected":false},"excerpt":{"rendered":"<p>Bez agresivnih kemikalija, \u010dista priroda|U\u010dinkovita za\u0161tita, \u0161tit tijekom cijele sezone|Sigurno u blizini ku\u0107nih ljubimaca i djece|Volumen: 500 ml|Pokrivenost: ~25 m\u00b2|\u010cuvati na temperaturi ispod 25\u00b0C i izvan dohvata djece<\/p>\n","protected":false},"featured_media":146530,"template":"","meta":[],"product_cat":[16,2781],"product_tag":[1519],"acf":[],"_links":{"self":[{"href":"https:\/\/smania.store\/hr\/wp-json\/wp\/v2\/product\/146541"}],"collection":[{"href":"https:\/\/smania.store\/hr\/wp-json\/wp\/v2\/product"}],"about":[{"href":"https:\/\/smania.store\/hr\/wp-json\/wp\/v2\/types\/product"}],"wp:featuredmedia":[{"embeddable":true,"href":"https:\/\/smania.store\/hr\/wp-json\/wp\/v2\/media\/146530"}],"wp:attachment":[{"href":"https:\/\/smania.store\/hr\/wp-json\/wp\/v2\/media?parent=146541"}],"wp:term":[{"taxonomy":"product_cat","embeddable":true,"href":"https:\/\/smania.store\/hr\/wp-json\/wp\/v2\/product_cat?post=146541"},{"taxonomy":"product_tag","embeddable":true,"href":"https:\/\/smania.store\/hr\/wp-json\/wp\/v2\/product_tag?post=146541"}],"curies":[{"name":"wp","href":"https:\/\/api.w.org\/{rel}","templated":true}]}}