{"id":146015,"date":"2025-09-23T07:23:38","date_gmt":"2025-09-23T05:23:38","guid":{"rendered":"https:\/\/smania.store\/hr\/proizvod\/dryhut-pametna-sklopiva-susilica-rublja\/"},"modified":"2026-04-13T15:33:14","modified_gmt":"2026-04-13T13:33:14","slug":"dryhut-pametna-sklopiva-susilica-rublja","status":"publish","type":"product","link":"https:\/\/smania.store\/hr\/proizvod\/dryhut-pametna-sklopiva-susilica-rublja\/","title":{"rendered":"DryHut\u2122 pametna sklopiva su\u0161ilica rublja"},"content":{"rendered":"<div class=\"smania_landing_description_title\">NOVO! Revolucionirajte svoje rublje<\/div>\n<div class=\"smania_landing_description_txt\">Osu\u0161ite svoje rublje za samo 20 minuta!<\/div>\n<div class=\"smania_landing_description_subtitle\">Pretvorite svoju rutinu pranja rublja u laganu igru uz Dryhut\u2122. Nema potrebe za te\u0161kim ure\u0111ajima &#8211; ovaj prijenosni sna\u017eni stroj su\u0161i do 9 odjevnih predmeta brzinom svjetlosti. Recite zbogom mukama i pozdravite inovacije &#8211; u trenu!<\/div>\n<div class=\"smania_landing_description_list\">\n<ul>\n<li>Ultrabrzo su\u0161enje za samo 20 minuta<\/li>\n<li>Mo\u017ee dr\u017eati do 9 odjevnih predmeta<\/li>\n<li>Kompaktan dizajn, idealan za male prostore<\/li>\n<li>Ekolo\u0161ki prihvatljivo, smanjuje potro\u0161nju energije<\/li>\n<li>Jednostavno postavljanje, spremno za kori\u0161tenje bilo gdje<\/li>\n<li>\u010cuva kvalitetu va\u0161ih tkanina<\/li>\n<\/ul><\/div>\n","protected":false},"excerpt":{"rendered":"<p>Su\u0161i se bez gu\u017evanja|Prijenosni i dizajn prilago\u0111en putovanjima|Pogodno za potrebe brzog su\u0161enja|Nije potrebna \u017eica za pranje rublja|Tehnologija za u\u0161tedu energije|Moderan i elegantan izgled|Idealno za \u017eivot u stanu|Podr\u017eava odr\u017eivi na\u010din \u017eivota<\/p>\n","protected":false},"featured_media":146006,"template":"","meta":[],"product_cat":[16],"product_tag":[1550],"acf":[],"_links":{"self":[{"href":"https:\/\/smania.store\/hr\/wp-json\/wp\/v2\/product\/146015"}],"collection":[{"href":"https:\/\/smania.store\/hr\/wp-json\/wp\/v2\/product"}],"about":[{"href":"https:\/\/smania.store\/hr\/wp-json\/wp\/v2\/types\/product"}],"wp:featuredmedia":[{"embeddable":true,"href":"https:\/\/smania.store\/hr\/wp-json\/wp\/v2\/media\/146006"}],"wp:attachment":[{"href":"https:\/\/smania.store\/hr\/wp-json\/wp\/v2\/media?parent=146015"}],"wp:term":[{"taxonomy":"product_cat","embeddable":true,"href":"https:\/\/smania.store\/hr\/wp-json\/wp\/v2\/product_cat?post=146015"},{"taxonomy":"product_tag","embeddable":true,"href":"https:\/\/smania.store\/hr\/wp-json\/wp\/v2\/product_tag?post=146015"}],"curies":[{"name":"wp","href":"https:\/\/api.w.org\/{rel}","templated":true}]}}