{"id":145632,"date":"2025-09-03T09:28:40","date_gmt":"2025-09-03T07:28:40","guid":{"rendered":"https:\/\/smania.store\/hr\/proizvod\/drivewaypro-obnavljac-asfalta-1-l-2-m%c2%b2\/"},"modified":"2026-04-27T08:18:23","modified_gmt":"2026-04-27T06:18:23","slug":"drivewaypro-obnavljac-asfalta-1-l-2-m%c2%b2","status":"publish","type":"product","link":"https:\/\/smania.store\/hr\/proizvod\/drivewaypro-obnavljac-asfalta-1-l-2-m%c2%b2\/","title":{"rendered":"DrivewayPRO\u2122 obnavlja\u010d asfalta &#8211; 1 L \/ 4-6 m\u00b2"},"content":{"rendered":"<div class=\"smania_landing_description_title\">NOVO: DrivewayPRO\u2122 obnavlja\u010d asfalta<\/div>\n<div class=\"smania_landing_description_txt\">Obnovite svoj prilaz u tren oka<\/div>\n<div class=\"smania_landing_description_subtitle\">Izgleda li va\u0161 prilaz istro\u0161eno? DrivewayPRO\u2122 je ultimativno rje\u0161enje za obnovu i za\u0161titu asfaltnih i betonskih povr\u0161ina. Sa svojom otporno\u0161\u0107u na lo\u0161e vremenske uvjete, temperaturne promjene, pucanje i UV o\u0161te\u0107enja, DrivewayPRO\u2122 ne samo da pobolj\u0161ava izgled va\u0161eg prilaza, ve\u0107 tako\u0111er pru\u017ea dugotrajnu vodonepropusnost i za\u0161titu.<\/div>\n<div class=\"smania_landing_description_list\">\n<ul>\n<li>Brtvi i u\u010dvr\u0161\u0107uje povr\u0161inu<\/li>\n<li>Otporan na ki\u0161u, vru\u0107inu i mraz<\/li>\n<li>Obnavlja prilaze &#8211; izvorni izgled asfalt i beton<\/li>\n<li>UV za\u0161tita &#8211; sprje\u010dava blije\u0111enje i o\u0161te\u0107enja<\/li>\n<li>Vodootporno &#8211; sprje\u010dava prodor vlage<\/li>\n<li>Produljeni vijek trajanja &#8211; \u010duva i u\u010dvr\u0161\u0107uje povr\u0161inu<\/li>\n<\/ul><\/div>\n","protected":false},"excerpt":{"rendered":"<p>VISOKE PERFORMANSE &#8211; Posebno formulirano za asfaltne ceste|DURABLE &#8211; Izdr\u017eljivi crni sloj niskog sjaja|ZA\u0160TITA &#8211; \u0160titi od atmosferilija, prolijevanja i rasta korova|JEDNOSTAVNO ZA KORI\u0160TENJE &#8211; Jednostavna primjena za rezultate bez problema|BRZO SU\u0160ENJE &#8211; Spremno za upotrebu za samo 4 sata|Boja &#8211; Crna|Zapremina teku\u0107ine &#8211; 1 L|Pokrivenost &#8211; Do 6 m\u00b2|Vrijeme su\u0161enja &#8211; 4 sata za upotrebu|Nano\u0161enje &#8211; \u010detkom, valjkom ili prskanjem<\/p>\n","protected":false},"featured_media":145878,"template":"","meta":[],"product_cat":[2781],"product_tag":[2797,2796],"acf":[],"_links":{"self":[{"href":"https:\/\/smania.store\/hr\/wp-json\/wp\/v2\/product\/145632"}],"collection":[{"href":"https:\/\/smania.store\/hr\/wp-json\/wp\/v2\/product"}],"about":[{"href":"https:\/\/smania.store\/hr\/wp-json\/wp\/v2\/types\/product"}],"wp:featuredmedia":[{"embeddable":true,"href":"https:\/\/smania.store\/hr\/wp-json\/wp\/v2\/media\/145878"}],"wp:attachment":[{"href":"https:\/\/smania.store\/hr\/wp-json\/wp\/v2\/media?parent=145632"}],"wp:term":[{"taxonomy":"product_cat","embeddable":true,"href":"https:\/\/smania.store\/hr\/wp-json\/wp\/v2\/product_cat?post=145632"},{"taxonomy":"product_tag","embeddable":true,"href":"https:\/\/smania.store\/hr\/wp-json\/wp\/v2\/product_tag?post=145632"}],"curies":[{"name":"wp","href":"https:\/\/api.w.org\/{rel}","templated":true}]}}