{"id":145574,"date":"2025-09-03T08:57:00","date_gmt":"2025-09-03T06:57:00","guid":{"rendered":"https:\/\/smania.store\/hr\/proizvod\/playfort-djecja-igraonica-180-x-150-cm\/"},"modified":"2026-04-30T08:18:25","modified_gmt":"2026-04-30T06:18:25","slug":"playfort-djecja-igraonica-180-x-150-cm","status":"publish","type":"product","link":"https:\/\/smania.store\/hr\/proizvod\/playfort-djecja-igraonica-180-x-150-cm\/","title":{"rendered":"PlayFort\u2122 dje\u010dja igraonica &#8211; 180 x 150 cm"},"content":{"rendered":"<div class=\"smania_landing_description_title\"> NOVO: Sigurna igra i istra\u017eivanje <\/div>\n<div class=\"smania_landing_description_txt\"> Stvorite prekrasno igrali\u0161te za radost i razvoj va\u0161eg djeteta! <\/div>\n<div class=\"smania_landing_description_subtitle\"> Izdr\u017eljivo i stabilno igrali\u0161te za djecu do 3 godine!<\/div>\n<div class=\"smania_landing_description_list\">\n<ul>\n<li>Savr\u0161eno igrali\u0161te za razvoj djeteta<\/li>\n<li>Brzo sastavljanje bez alata za 30 minuta<\/li>\n<li>Kompaktno pristaje u svaku prostoriju, povr\u0161ina 2,7 m\u00b2<\/li>\n<li>\u017divopisni dizajn poti\u010de kreativnost<\/li>\n<li>Sigurni, netoksi\u010dni materijali<\/li>\n<li>Ugra\u0111ena za\u0161tita od sudara<\/li>\n<\/ul><\/div>\n","protected":false},"excerpt":{"rendered":"<p>Lako prenosivo s torbom za no\u0161enje|\u010cvrst okvir od nehr\u0111aju\u0107eg \u010delika|Bez BPA i ekolo\u0161ki prihvatljivo|Sigurno oboga\u0107uje dje\u010dje istra\u017eivanje|Varijante boja: siva ili be\u017e|Dimenzije: 180 x 150 x 65 cm|Povr\u0161ina: 2,7 m\u00b2|Te\u017eina: 5 kg|Dimenzije pakiranja: 90 x 28,5 x 20 cm|Materijali: PP, pamuk, \u010delik<\/p>\n","protected":false},"featured_media":145561,"template":"","meta":[],"product_cat":[16,17],"product_tag":[1646,1496],"acf":[],"_links":{"self":[{"href":"https:\/\/smania.store\/hr\/wp-json\/wp\/v2\/product\/145574"}],"collection":[{"href":"https:\/\/smania.store\/hr\/wp-json\/wp\/v2\/product"}],"about":[{"href":"https:\/\/smania.store\/hr\/wp-json\/wp\/v2\/types\/product"}],"wp:featuredmedia":[{"embeddable":true,"href":"https:\/\/smania.store\/hr\/wp-json\/wp\/v2\/media\/145561"}],"wp:attachment":[{"href":"https:\/\/smania.store\/hr\/wp-json\/wp\/v2\/media?parent=145574"}],"wp:term":[{"taxonomy":"product_cat","embeddable":true,"href":"https:\/\/smania.store\/hr\/wp-json\/wp\/v2\/product_cat?post=145574"},{"taxonomy":"product_tag","embeddable":true,"href":"https:\/\/smania.store\/hr\/wp-json\/wp\/v2\/product_tag?post=145574"}],"curies":[{"name":"wp","href":"https:\/\/api.w.org\/{rel}","templated":true}]}}