{"id":145266,"date":"2025-08-19T10:58:48","date_gmt":"2025-08-19T08:58:48","guid":{"rendered":"https:\/\/smania.store\/hr\/proizvod\/cozymama-napuhujuci-jastuk-za-trudnice\/"},"modified":"2026-04-16T18:23:47","modified_gmt":"2026-04-16T16:23:47","slug":"cozymama-napuhujuci-jastuk-za-trudnice","status":"publish","type":"product","link":"https:\/\/smania.store\/hr\/proizvod\/cozymama-napuhujuci-jastuk-za-trudnice\/","title":{"rendered":"CozyMama\u2122 napuhuju\u0107i jastuk za trudnice"},"content":{"rendered":"<div class=\"smania_landing_description_title\">NOVO: Udobnost za budu\u0107e mame<\/div>\n<div class=\"smania_landing_description_txt\">Iskusi neusporedivu udobnost i olak\u0161anje za trbuh!<\/div>\n<div class=\"smania_landing_description_subtitle\">Zbogom neprospavane no\u0107i i bolna le\u0111a, budu\u0107e mame!<\/div>\n<div class=\"smania_landing_description_list\">\n<ul>\n<li>Podr\u017eava optimalan polo\u017eaj fetusa<\/li>\n<li>Odmah ubla\u017eava bolove u donjem dijelu le\u0111a<\/li>\n<li>Poti\u010de bolji kapacitet plu\u0107a<\/li>\n<li>Smanjuje potrebu za carskim rezom i bolove pri porodu<\/li>\n<li>Savr\u0161eno dimenzioniran za maksimalnu potporu<\/li>\n<\/ul><\/div>\n","protected":false},"excerpt":{"rendered":"<p>Pobolj\u0161ava kvalitetu sna|Poti\u010de zdravlje majke i djeteta|Omogu\u0107uje opu\u0161tene polo\u017eaje za odmor|Jednostavan za \u010di\u0161\u0107enje i odr\u017eavanje|Boja: ru\u017ei\u010dasta|Materijal: PVC, pamuk|Dimenzije: 170 x 65 x 22 cm|Nosivost: 125 kg<\/p>\n","protected":false},"featured_media":145253,"template":"","meta":[],"product_cat":[16,17],"product_tag":[1497],"acf":[],"_links":{"self":[{"href":"https:\/\/smania.store\/hr\/wp-json\/wp\/v2\/product\/145266"}],"collection":[{"href":"https:\/\/smania.store\/hr\/wp-json\/wp\/v2\/product"}],"about":[{"href":"https:\/\/smania.store\/hr\/wp-json\/wp\/v2\/types\/product"}],"wp:featuredmedia":[{"embeddable":true,"href":"https:\/\/smania.store\/hr\/wp-json\/wp\/v2\/media\/145253"}],"wp:attachment":[{"href":"https:\/\/smania.store\/hr\/wp-json\/wp\/v2\/media?parent=145266"}],"wp:term":[{"taxonomy":"product_cat","embeddable":true,"href":"https:\/\/smania.store\/hr\/wp-json\/wp\/v2\/product_cat?post=145266"},{"taxonomy":"product_tag","embeddable":true,"href":"https:\/\/smania.store\/hr\/wp-json\/wp\/v2\/product_tag?post=145266"}],"curies":[{"name":"wp","href":"https:\/\/api.w.org\/{rel}","templated":true}]}}