{"id":145249,"date":"2025-08-19T07:46:57","date_gmt":"2025-08-19T05:46:57","guid":{"rendered":"https:\/\/smania.store\/hr\/proizvod\/flyaway-stolni-ventilator-protiv-muha-2-komada\/"},"modified":"2026-02-03T11:09:04","modified_gmt":"2026-02-03T10:09:04","slug":"flyaway-stolni-ventilator-protiv-muha-2-komada","status":"publish","type":"product","link":"https:\/\/smania.store\/hr\/proizvod\/flyaway-stolni-ventilator-protiv-muha-2-komada\/","title":{"rendered":"FlyAway\u2122 stolni ventilator protiv muha &#8211; 2 komada"},"content":{"rendered":"<div class=\"smania_landing_description_title\"> NOVO: Bez napora otjerajte muhe <\/div>\n<div class=\"smania_landing_description_txt\"> Bez napora otjerajte muhe: Rije\u0161ite se muha za nekoliko sekundi! <\/div>\n<div class=\"smania_landing_description_subtitle\"> Otkrijte \u010daroliju FlyAway\u2122-a, revolucionarnog alata koji bez napora tjera dosadne muhe, osiguravaju\u0107i da va\u0161a iskustva objedovanja budu bla\u017eeno neprekinuta. <\/div>\n<div class=\"smania_landing_description_list\">\n<ul>\n<li>Siguran dizajn prilago\u0111en djeci<\/li>\n<li>Mekane, ne\u0161kodljive o\u0161trice<\/li>\n<li>Sredstvo za odbijanje insekata bez kemikalija<\/li>\n<li>Idealno za unutarnju i vanjsku upotrebu<\/li>\n<li>Reflektiraju\u0107a tehnologija odvra\u0107a \u0161teto\u010dine<\/li>\n<li>Lagano, prijenosno rje\u0161enje<\/li>\n<\/ul><\/div>\n","protected":false},"excerpt":{"rendered":"<p>Bez kemikalija, \u010dista kvaliteta|Jednostavno za kori\u0161tenje i u\u017eivanje|Elegantan i moderan dizajn|Idealno za piknike i ro\u0161tilje|Baterija nije uklju\u010dena|Boja: Crna|Veli\u010dina proizvoda: 9 x 9 x 25 cm|Te\u017eina proizvoda: 270 g<\/p>\n","protected":false},"featured_media":145237,"template":"","meta":[],"product_cat":[16],"product_tag":[2509],"acf":[],"_links":{"self":[{"href":"https:\/\/smania.store\/hr\/wp-json\/wp\/v2\/product\/145249"}],"collection":[{"href":"https:\/\/smania.store\/hr\/wp-json\/wp\/v2\/product"}],"about":[{"href":"https:\/\/smania.store\/hr\/wp-json\/wp\/v2\/types\/product"}],"wp:featuredmedia":[{"embeddable":true,"href":"https:\/\/smania.store\/hr\/wp-json\/wp\/v2\/media\/145237"}],"wp:attachment":[{"href":"https:\/\/smania.store\/hr\/wp-json\/wp\/v2\/media?parent=145249"}],"wp:term":[{"taxonomy":"product_cat","embeddable":true,"href":"https:\/\/smania.store\/hr\/wp-json\/wp\/v2\/product_cat?post=145249"},{"taxonomy":"product_tag","embeddable":true,"href":"https:\/\/smania.store\/hr\/wp-json\/wp\/v2\/product_tag?post=145249"}],"curies":[{"name":"wp","href":"https:\/\/api.w.org\/{rel}","templated":true}]}}