{"id":145148,"date":"2025-08-13T13:56:02","date_gmt":"2025-08-13T11:56:02","guid":{"rendered":"https:\/\/smania.store\/hr\/proizvod\/excavatemini-djecji-mini-elektricni-bager\/"},"modified":"2026-03-03T18:10:07","modified_gmt":"2026-03-03T17:10:07","slug":"excavatemini-djecji-mini-elektricni-bager","status":"publish","type":"product","link":"https:\/\/smania.store\/hr\/proizvod\/excavatemini-djecji-mini-elektricni-bager\/","title":{"rendered":"ExcavateMini\u2122 dje\u010dji mini elektri\u010dni bager"},"content":{"rendered":"<div class=\"smania_landing_description_title\">NOVO: Ma\u0161tovita zabava za djecu<\/div>\n<div class=\"smania_landing_description_txt\">Otkrijte njihovu novu omiljenu igra\u010dku ve\u0107 danas!<\/div>\n<div class=\"smania_landing_description_subtitle\">Zakora\u010dite u svijet \u010duda i strahopo\u0161tovanja s ExcavateMini\u2122! Ova o\u010daravaju\u0107a igra\u010dka obe\u0107ava pretvoriti obi\u010dno vrijeme igre u uzbudljivo putovanje iskapanja. Pustite ma\u0161ti svog djeteta na volju dok se kre\u0107e kroz beskrajne avanture, razvijaju\u0107i bitne vje\u0161tine usput.<\/div>\n<div class=\"smania_landing_description_list\">\n<ul>\n<li>Zaokuplja ma\u0161tu svakim kopanjem<\/li>\n<li>Edukativno i zabavno, sve u jednom<\/li>\n<li>Razvija koordinaciju i motori\u010dke sposobnosti<\/li>\n<li>Poti\u010de prostornu svijest i rast<\/li>\n<li>Dr\u017ei dosadu pod kontrolom satima<\/li>\n<li>Lagan, prenosiv i jednostavan za kori\u0161tenje<\/li>\n<\/ul><\/div>\n","protected":false},"excerpt":{"rendered":"<p>Savr\u0161eno za djecu svih uzrasta|Jednostavan rad na baterije|Stvarajte avanture, unutra ili vani|\u010cvrsta, dje\u010dja konstrukcija|Kompaktan, s upe\u010datljivim dizajnom|Poti\u010de svjesnu i aktivnu igru|\u017dive boje koje djeca vole|Dimenzije: 76 x 48 x 34 cm|Te\u017eina: 5 kg|Nosivost: 50 kg|Specijalni efekti: Zvu\u010dni efekti, LED svjetla|Baterija: 6 V \/ 4,5 Ah|Vrijeme punjenja: 8 &#8211; 10 sati, putem USB-a|Za djecu od: 2 &#8211; 8 godina<\/p>\n","protected":false},"featured_media":145136,"template":"","meta":[],"product_cat":[16,17],"product_tag":[1529,1646],"acf":[],"_links":{"self":[{"href":"https:\/\/smania.store\/hr\/wp-json\/wp\/v2\/product\/145148"}],"collection":[{"href":"https:\/\/smania.store\/hr\/wp-json\/wp\/v2\/product"}],"about":[{"href":"https:\/\/smania.store\/hr\/wp-json\/wp\/v2\/types\/product"}],"wp:featuredmedia":[{"embeddable":true,"href":"https:\/\/smania.store\/hr\/wp-json\/wp\/v2\/media\/145136"}],"wp:attachment":[{"href":"https:\/\/smania.store\/hr\/wp-json\/wp\/v2\/media?parent=145148"}],"wp:term":[{"taxonomy":"product_cat","embeddable":true,"href":"https:\/\/smania.store\/hr\/wp-json\/wp\/v2\/product_cat?post=145148"},{"taxonomy":"product_tag","embeddable":true,"href":"https:\/\/smania.store\/hr\/wp-json\/wp\/v2\/product_tag?post=145148"}],"curies":[{"name":"wp","href":"https:\/\/api.w.org\/{rel}","templated":true}]}}