{"id":144873,"date":"2025-08-01T15:04:35","date_gmt":"2025-08-01T13:04:35","guid":{"rendered":"https:\/\/smania.store\/hr\/proizvod\/solidmax-sredstvo-za-ciscenje-kamenca\/"},"modified":"2026-04-16T10:21:24","modified_gmt":"2026-04-16T08:21:24","slug":"solidmax-sredstvo-za-ciscenje-kamenca","status":"publish","type":"product","link":"https:\/\/smania.store\/hr\/proizvod\/solidmax-sredstvo-za-ciscenje-kamenca\/","title":{"rendered":"SolidMax &#8211; Sredstvo za \u010di\u0161\u0107enje kamenca"},"content":{"rendered":"<div class=\"smania_landing_description_title\">NOVO! Neprijatelj tvrdokornog kamenca!<\/div>\n<div class=\"smania_landing_description_txt\">Nevjerojatna \u010disto\u0107a u 3 koraka<\/div>\n<div class=\"smania_landing_description_subtitle\">Umorni ste od sati ribanja? SolidMax \u010dini \u010di\u0161\u0107enje u\u017eitkom! Ova inovativna formula lako otapa kamenac, kalcij i druge mrlje od tvrde vode, pa \u010dak i stvara za\u0161titni sloj kako bi sprije\u010dila budu\u0107e naslage! Samo nanesite, pustite da djeluje i obri\u0161ite mrlje bez muke. U\u010dinite \u010di\u0161\u0107enje jednostavnim i ugodnim uz SolidMax!<\/div>\n<div class=\"smania_landing_description_list\">\n<ul>\n<li>Lako otapa kamenac<\/li>\n<li>Uklanja mrlje od kalcija i tvrde vode<\/li>\n<li>Za\u0161titni sloj protiv naknadnih naslaga<\/li>\n<li>Jednostavno za kori\u0161tenje, nije potrebno ribanje<\/li>\n<li>Brzi i u\u010dinkoviti rezultati<\/li>\n<li>\u010cisti kade, slavine, umivaonike i bidee<\/li>\n<\/ul><\/div>\n","protected":false},"excerpt":{"rendered":"<p>Trenutni u\u010dinak za nekoliko minuta|Nje\u017ean prema povr\u0161inama|Dugotrajna \u010disto\u0107a|Jednostavna primjena|Profesionalno \u010di\u0161\u0107enje kod ku\u0107e|Nema vi\u0161e tvrdokornih mrlja|Vi\u0161e za\u0161tite, manje posla|Rje\u0161ava najtvr\u0111e vodeno kamenje<\/p>\n","protected":false},"featured_media":144862,"template":"","meta":[],"product_cat":[2781],"product_tag":[2782],"acf":[],"_links":{"self":[{"href":"https:\/\/smania.store\/hr\/wp-json\/wp\/v2\/product\/144873"}],"collection":[{"href":"https:\/\/smania.store\/hr\/wp-json\/wp\/v2\/product"}],"about":[{"href":"https:\/\/smania.store\/hr\/wp-json\/wp\/v2\/types\/product"}],"wp:featuredmedia":[{"embeddable":true,"href":"https:\/\/smania.store\/hr\/wp-json\/wp\/v2\/media\/144862"}],"wp:attachment":[{"href":"https:\/\/smania.store\/hr\/wp-json\/wp\/v2\/media?parent=144873"}],"wp:term":[{"taxonomy":"product_cat","embeddable":true,"href":"https:\/\/smania.store\/hr\/wp-json\/wp\/v2\/product_cat?post=144873"},{"taxonomy":"product_tag","embeddable":true,"href":"https:\/\/smania.store\/hr\/wp-json\/wp\/v2\/product_tag?post=144873"}],"curies":[{"name":"wp","href":"https:\/\/api.w.org\/{rel}","templated":true}]}}