{"id":144335,"date":"2025-07-08T11:36:06","date_gmt":"2025-07-08T09:36:06","guid":{"rendered":"https:\/\/smania.store\/hr\/proizvod\/campmate-sklopivi-aluminijski-stol-za-kampiranje-sa-4-stolicama\/"},"modified":"2026-05-10T14:45:21","modified_gmt":"2026-05-10T12:45:21","slug":"campmate-sklopivi-aluminijski-stol-za-kampiranje-sa-4-stolicama","status":"publish","type":"product","link":"https:\/\/smania.store\/hr\/proizvod\/campmate-sklopivi-aluminijski-stol-za-kampiranje-sa-4-stolicama\/","title":{"rendered":"CampMate\u2122 sklopivi aluminijski stol za kampiranje sa 4 stolicama"},"content":{"rendered":"<div class=\"smania_landing_description_title\">NOVO, Ultra \u010dvrst sklopivi stol<\/div>\n<div class=\"smania_landing_description_txt\">Kampirajte bilo gdje i bilo kada!<\/div>\n<div class=\"smania_landing_description_subtitle\">Uz CampMate\u2122, mo\u017eete kreirati vlastitu avanturu dok ste u pokretu!<\/div>\n<div class=\"smania_landing_description_list\">\n<ul>\n<li>Savr\u0161eno za kampiranje, piknik, vrt ili dom<\/li>\n<li>Sklopivi dizajn, jednostavan za spremanje bilo gdje<\/li>\n<li>Kompaktan dizajn, s velikom nosivo\u0161\u0107u<\/li>\n<li>Idealno za 4 osobe<\/li>\n<\/ul><\/div>\n","protected":false},"excerpt":{"rendered":"<p>Lako se sastavlja u nekoliko sekundi|Izra\u0111en od izdr\u017eljive aluminijske legure|Sklopivi dizajn za jednostavno no\u0161enje|Vodootporan za kori\u0161tenje tijekom cijele godine|Svestran za unutarnje i vanjske prostore|Materijal: aluminij|Dimenzije rasklopljenog stola: 120 x 60 cm|Podesiva visina: 55 cm, 62 cm, 70 cm|Dimenzije sklopljene: 60 x 60 x 8 cm|Nosivost stola: 50 kg|Nosivost stolice: 100 kg|Te\u017eina: 6,7 kg<\/p>\n","protected":false},"featured_media":144323,"template":"","meta":[],"product_cat":[16,21],"product_tag":[],"acf":[],"_links":{"self":[{"href":"https:\/\/smania.store\/hr\/wp-json\/wp\/v2\/product\/144335"}],"collection":[{"href":"https:\/\/smania.store\/hr\/wp-json\/wp\/v2\/product"}],"about":[{"href":"https:\/\/smania.store\/hr\/wp-json\/wp\/v2\/types\/product"}],"wp:featuredmedia":[{"embeddable":true,"href":"https:\/\/smania.store\/hr\/wp-json\/wp\/v2\/media\/144323"}],"wp:attachment":[{"href":"https:\/\/smania.store\/hr\/wp-json\/wp\/v2\/media?parent=144335"}],"wp:term":[{"taxonomy":"product_cat","embeddable":true,"href":"https:\/\/smania.store\/hr\/wp-json\/wp\/v2\/product_cat?post=144335"},{"taxonomy":"product_tag","embeddable":true,"href":"https:\/\/smania.store\/hr\/wp-json\/wp\/v2\/product_tag?post=144335"}],"curies":[{"name":"wp","href":"https:\/\/api.w.org\/{rel}","templated":true}]}}