{"id":144128,"date":"2025-07-01T08:30:49","date_gmt":"2025-07-01T06:30:49","guid":{"rendered":"https:\/\/smania.store\/hr\/proizvod\/bechair-sklopivo-podstavljeno-naslonjalo-za-plazu\/"},"modified":"2025-10-03T15:31:43","modified_gmt":"2025-10-03T13:31:43","slug":"bechair-sklopivo-podstavljeno-naslonjalo-za-plazu","status":"publish","type":"product","link":"https:\/\/smania.store\/hr\/proizvod\/bechair-sklopivo-podstavljeno-naslonjalo-za-plazu\/","title":{"rendered":"BECHAIR\u2122 sklopivo podstavljeno naslonjalo za pla\u017eu"},"content":{"rendered":"<div class=\"smania_landing_description_title\">NOVO, vrhunska udobnost i opu\u0161tanje na svim vrstama pla\u017ea<\/div>\n<div class=\"smania_landing_description_txt\">Legnite ili sjednite udobno dok se opu\u0161tate na pla\u017ei!<\/div>\n<div class=\"smania_landing_description_subtitle\"> Vi\u0161estruke podesive pozicije s izuzetno udobnim jastukom, savr\u0161ene za sve vrste pla\u017enih povr\u0161ina!  <\/div>\n<div class=\"smania_landing_description_list\">\n<ul>\n<li>Sklopivi dizajn, podesiv u 5 udobnih polo\u017eaja<\/li>\n<li>Debeli i udobni jastuk, idealan za neravne terene<\/li>\n<li>Izdr\u017eljiva, oja\u010dana baza za dodatno optere\u0107enje<\/li>\n<li>Odvojiva, periva, vodoodbojna navlaka<\/li>\n<li>S 2 bo\u010dna d\u017eepa za pla\u017ene potrep\u0161tine<\/li>\n<li>Lagan i jednostavan za no\u0161enje<\/li>\n<\/ul><\/div>\n","protected":false},"excerpt":{"rendered":"<p>No\u0161enje poput ruksaka za lak\u0161i transport|Tkanina se brzo su\u0161i \u2013 bez gnjava\u017ee|Dva prakti\u010dna bo\u010dna d\u017eepa za osnovne stvari|Podnosi te\u017einu do 125 kg|Boja: plava \/ ru\u017ei\u010dasta|Materijal: nehr\u0111aju\u0107i \u010delik, 600D poliester, pjena|Te\u017eina: 4 kg|Nosivost: 125 kg|Dimenzije sklopljenog: 55 x 45 x 15 cm|Dimenzije rasklopljenog: 102 x 45 x 7 cm|Podesivi kutovi: 15\u00b0, 30\u00b0, 45\u00b0, 60\u00b0, 75\u00b0<\/p>\n","protected":false},"featured_media":144164,"template":"","meta":[],"product_cat":[16,21],"product_tag":[1519],"acf":[],"_links":{"self":[{"href":"https:\/\/smania.store\/hr\/wp-json\/wp\/v2\/product\/144128"}],"collection":[{"href":"https:\/\/smania.store\/hr\/wp-json\/wp\/v2\/product"}],"about":[{"href":"https:\/\/smania.store\/hr\/wp-json\/wp\/v2\/types\/product"}],"wp:featuredmedia":[{"embeddable":true,"href":"https:\/\/smania.store\/hr\/wp-json\/wp\/v2\/media\/144164"}],"wp:attachment":[{"href":"https:\/\/smania.store\/hr\/wp-json\/wp\/v2\/media?parent=144128"}],"wp:term":[{"taxonomy":"product_cat","embeddable":true,"href":"https:\/\/smania.store\/hr\/wp-json\/wp\/v2\/product_cat?post=144128"},{"taxonomy":"product_tag","embeddable":true,"href":"https:\/\/smania.store\/hr\/wp-json\/wp\/v2\/product_tag?post=144128"}],"curies":[{"name":"wp","href":"https:\/\/api.w.org\/{rel}","templated":true}]}}