{"id":143827,"date":"2025-06-10T13:52:30","date_gmt":"2025-06-10T11:52:30","guid":{"rendered":"https:\/\/smania.store\/hr\/proizvod\/deskcart-pomicni-stolic-za-kavu-u-obliku-slova-c\/"},"modified":"2026-04-08T21:51:21","modified_gmt":"2026-04-08T19:51:21","slug":"deskcart-pomicni-stolic-za-kavu-u-obliku-slova-c","status":"publish","type":"product","link":"https:\/\/smania.store\/hr\/proizvod\/deskcart-pomicni-stolic-za-kavu-u-obliku-slova-c\/","title":{"rendered":"DeskCart\u2122 pomi\u010dni stoli\u0107 za kavu u obliku slova C"},"content":{"rendered":"<div class=\"smania_landing_description_title\">NOVO, pobolj\u0161ava ure\u0111enje doma<\/div>\n<div class=\"smania_landing_description_txt\">TVOJ PROSTOR, TVOJ STIL, TVOJ STOLI\u0106 ZA KAVU<\/div>\n<div class=\"smania_landing_description_subtitle\">Komad namje\u0161taja koji savr\u0161eno odgovara va\u0161im potrebama.<\/div>\n<div class=\"smania_landing_description_list\">\n<ul>\n<li>Kompaktan i prostorno \u0161tedljiv dizajn<\/li>\n<li>Idealno za dnevni boravak, spava\u0107u sobu i ured<\/li>\n<li>Jednostavno pomicanje s univerzalnim kota\u010di\u0107ima<\/li>\n<li>Idealna visina za sofe i krevete<\/li>\n<li>Brza monta\u017ea bez alata<\/li>\n<\/ul><\/div>\n","protected":false},"excerpt":{"rendered":"<p>\u010cvrsta konstrukcija s izdr\u017eljivim materijalima|Kota\u010di\u0107i od 360 stupnjeva za lak\u0161e kretanje|Idealno za male prostore i uske kutove|Lako se \u010disti i izdr\u017eljiva povr\u0161ina|Boja: Tamnosme\u0111a|Boja metalnog okvira: Crna|Te\u017eina: 3 kg|Dimenzije: 40 \u00d7 28 \u00d7 62 cm<\/p>\n","protected":false},"featured_media":143837,"template":"","meta":[],"product_cat":[16],"product_tag":[2509],"acf":[],"_links":{"self":[{"href":"https:\/\/smania.store\/hr\/wp-json\/wp\/v2\/product\/143827"}],"collection":[{"href":"https:\/\/smania.store\/hr\/wp-json\/wp\/v2\/product"}],"about":[{"href":"https:\/\/smania.store\/hr\/wp-json\/wp\/v2\/types\/product"}],"wp:featuredmedia":[{"embeddable":true,"href":"https:\/\/smania.store\/hr\/wp-json\/wp\/v2\/media\/143837"}],"wp:attachment":[{"href":"https:\/\/smania.store\/hr\/wp-json\/wp\/v2\/media?parent=143827"}],"wp:term":[{"taxonomy":"product_cat","embeddable":true,"href":"https:\/\/smania.store\/hr\/wp-json\/wp\/v2\/product_cat?post=143827"},{"taxonomy":"product_tag","embeddable":true,"href":"https:\/\/smania.store\/hr\/wp-json\/wp\/v2\/product_tag?post=143827"}],"curies":[{"name":"wp","href":"https:\/\/api.w.org\/{rel}","templated":true}]}}