{"id":142487,"date":"2025-04-03T10:56:04","date_gmt":"2025-04-03T08:56:04","guid":{"rendered":"https:\/\/smania.store\/hr\/proizvod\/nastavak-za-kutnu-brusilicu-anglesaw\/"},"modified":"2025-09-15T12:11:57","modified_gmt":"2025-09-15T10:11:57","slug":"nastavak-za-kutnu-brusilicu-anglesaw","status":"publish","type":"product","link":"https:\/\/smania.store\/hr\/proizvod\/nastavak-za-kutnu-brusilicu-anglesaw\/","title":{"rendered":"Nastavak za kutnu brusilicu AngleSaw\u2122"},"content":{"rendered":"<div class=\"smania_landing_description_title\">NOVO: trenutna vi\u0161enamjenska konverzija<\/div>\n<div class=\"smania_landing_description_txt\">Izradite prilago\u0111eni alat i zavr\u0161ite svoj ku\u0107ni projekt kao profesionalac!<\/div>\n<div class=\"smania_landing_description_subtitle\">Na\u0161 inovativni i prakti\u010dni nastavak AngleSaw\u2122 pretvara va\u0161u kutnu brusilicu u svestrani alat u nekoliko sekundi! Pripremite se za svaki projekt, bilo da se radi o rezanju, bru\u0161enju ili poliranju! Robusni, visokokvalitetni materijali osiguravaju izdr\u017eljivost i pouzdanost tijekom rada na brojnim materijalima, od plastike do metala. Kupite sada i obavite posao profesionalno!<\/div>\n<div class=\"smania_landing_description_list\">\n<ul>\n<li>Svestrana uporaba: rezanje, bru\u0161enje ili poliranje<\/li>\n<li>Kompatibilan s ve\u0107inom kutnih brusilica<\/li>\n<li>Materijal od visokokvalitetnog nehr\u0111aju\u0107eg \u010delika i uglji\u010dnog \u010delika<\/li>\n<li>Kompletan set od 14 komada s o\u0161tricama, brusnim papirom, klju\u010devima i vi\u0161e<\/li>\n<li>Brza i jednostavna instalacija<\/li>\n<li>Robusna i izdr\u017eljiva konstrukcija<\/li>\n<li>Verzije M10 i M14 za kutne brusilice tip 100 i tip 115-125<\/li>\n<\/ul><\/div>\n","protected":false},"excerpt":{"rendered":"<p>Savr\u0161en za svaki projekt, od rezanja do poliranja|Prikladno za drvo, suhozid, plastiku, metal|Trenuta\u010dno pretvara va\u0161u kutnu brusilicu u svestrani alat|Materijali visoke tvrdo\u0107e, izdr\u017eljive strukture i duljeg vijeka trajanja|Jednostavan za kori\u0161tenje za sve s profesionalnim rezultatima kod ku\u0107e|Set uklju\u010duje sve \u0161to vam je potrebno|Dostupna dva seta: M10 za 100 mm i M14 za kutnu brusilicu 125\/115 mm|Set od 14 dijelova: glava za konverziju, trokutasta baza za bru\u0161enje, 2 trokutasta brusna papira, pila od visokouglji\u010dnog \u010delika, precizna pila i dijelovi za ugradnju<\/p>\n","protected":false},"featured_media":142476,"template":"","meta":[],"product_cat":[222],"product_tag":[1786],"acf":[],"_links":{"self":[{"href":"https:\/\/smania.store\/hr\/wp-json\/wp\/v2\/product\/142487"}],"collection":[{"href":"https:\/\/smania.store\/hr\/wp-json\/wp\/v2\/product"}],"about":[{"href":"https:\/\/smania.store\/hr\/wp-json\/wp\/v2\/types\/product"}],"wp:featuredmedia":[{"embeddable":true,"href":"https:\/\/smania.store\/hr\/wp-json\/wp\/v2\/media\/142476"}],"wp:attachment":[{"href":"https:\/\/smania.store\/hr\/wp-json\/wp\/v2\/media?parent=142487"}],"wp:term":[{"taxonomy":"product_cat","embeddable":true,"href":"https:\/\/smania.store\/hr\/wp-json\/wp\/v2\/product_cat?post=142487"},{"taxonomy":"product_tag","embeddable":true,"href":"https:\/\/smania.store\/hr\/wp-json\/wp\/v2\/product_tag?post=142487"}],"curies":[{"name":"wp","href":"https:\/\/api.w.org\/{rel}","templated":true}]}}