{"id":142426,"date":"2025-04-02T07:25:26","date_gmt":"2025-04-02T05:25:26","guid":{"rendered":"https:\/\/smania.store\/hr\/proizvod\/univerzalni-odmascivac-greaseoff-500-ml\/"},"modified":"2026-04-16T23:40:30","modified_gmt":"2026-04-16T21:40:30","slug":"univerzalni-odmascivac-greaseoff-500-ml","status":"publish","type":"product","link":"https:\/\/smania.store\/hr\/proizvod\/univerzalni-odmascivac-greaseoff-500-ml\/","title":{"rendered":"Univerzalni odma\u0161\u0107iva\u010d GreaseOFF\u2122 (500 ml)"},"content":{"rendered":"<div class=\"smania_landing_description_title\">NOVA FORMULA: GreaseOFF\u2122 \u2013 razgra\u0111uje mast na molekularnoj razini<\/div>\n<div class=\"smania_landing_description_txt\">Zbogom tvrdokornoj masno\u0107i i prljav\u0161tini!<\/div>\n<div class=\"smania_landing_description_subtitle\">Zbogom tvrdokornoj masno\u0107i i prljav\u0161tini! Napredna formula GreaseOFF\u2122 prodire duboko u masno\u0107u, razgra\u0111uje je na molekularnoj razini kako bi osigurala besprijekornu zavr\u0161nicu bez ostataka na bilo kojoj povr\u0161ini.<\/div>\n<div class=\"smania_landing_description_list\">\n<ul>\n<li>Re\u017ee slojeve nakupljene masno\u0107e<\/li>\n<li>Osigurava besprijekoran zavr\u0161etak bez ostataka na bilo kojoj povr\u0161ini<\/li>\n<li>Sigurno, brzo i bez napora za kori\u0161tenje<\/li>\n<li>Prikladno za \u0161tednjake, pe\u0107nice, ro\u0161tilje, automobilske motore, lance za bicikle i vi\u0161e<\/li>\n<li>Savr\u0161eno za ku\u0107nu i profesionalnu upotrebu<\/li>\n<\/ul><\/div>\n","protected":false},"excerpt":{"rendered":"<p>Dizajnirano za uklanjanje tvrdokorne kuhinjske masno\u0107e, prljav\u0161tine i zape\u010dene hrane|Visoka mo\u0107 prodiranja koja dopire do nedostupnih podru\u010dja peraja|Lako se nanosi i razmazuje, osiguravaju\u0107i da svaki kutak i pukotina budu temeljito o\u010di\u0161\u0107eni|Jednostavan za kori\u0161tenje: poprskajte izravno na zahva\u0107eno podru\u010dje, pri\u010dekajte nekoliko trenutaka, zatim obri\u0161ite|Koristite na plo\u010dama za kuhanje, pe\u0107nicama, mikrovalnim pe\u0107nicama, plo\u010dicama, radnim plo\u010dama, ro\u0161tiljima za ro\u0161tilj, motorima automobila, lancima za bicikle, pa \u010dak i industrijskim strojevima|Sadr\u017eaj: 500 ml<\/p>\n","protected":false},"featured_media":142696,"template":"","meta":[],"product_cat":[16,2781],"product_tag":[2509,1550,2782],"acf":[],"_links":{"self":[{"href":"https:\/\/smania.store\/hr\/wp-json\/wp\/v2\/product\/142426"}],"collection":[{"href":"https:\/\/smania.store\/hr\/wp-json\/wp\/v2\/product"}],"about":[{"href":"https:\/\/smania.store\/hr\/wp-json\/wp\/v2\/types\/product"}],"wp:featuredmedia":[{"embeddable":true,"href":"https:\/\/smania.store\/hr\/wp-json\/wp\/v2\/media\/142696"}],"wp:attachment":[{"href":"https:\/\/smania.store\/hr\/wp-json\/wp\/v2\/media?parent=142426"}],"wp:term":[{"taxonomy":"product_cat","embeddable":true,"href":"https:\/\/smania.store\/hr\/wp-json\/wp\/v2\/product_cat?post=142426"},{"taxonomy":"product_tag","embeddable":true,"href":"https:\/\/smania.store\/hr\/wp-json\/wp\/v2\/product_tag?post=142426"}],"curies":[{"name":"wp","href":"https:\/\/api.w.org\/{rel}","templated":true}]}}