{"id":142163,"date":"2025-03-27T11:50:19","date_gmt":"2025-03-27T10:50:19","guid":{"rendered":"https:\/\/smania.store\/hr\/proizvod\/bezicni-punjac-za-auto\/"},"modified":"2025-03-27T11:50:28","modified_gmt":"2025-03-27T10:50:28","slug":"bezicni-punjac-za-auto","status":"publish","type":"product","link":"https:\/\/smania.store\/hr\/proizvod\/bezicni-punjac-za-auto\/","title":{"rendered":"Be\u017ei\u010dni punja\u010d za auto"},"content":{"rendered":"<div class=\"smania_landing_description_title\">NOVO KOD NAS! Be\u017ei\u010dni punja\u010d za auto<\/div>\n<div class=\"smania_landing_description_txt\">Zaboravite na priklju\u010divanje kablova tijekom vo\u017enje<\/div>\n<div class=\"smania_landing_description_subtitle\">Zna\u010dajke koje \u0107e vas uvjeriti:<\/div>\n<div class=\"smania_landing_description_list\">\n<ul>\n<li>Velika povr\u0161ina za punjenje<\/li>\n<li>Brzo punjenje baterije<\/li>\n<li>Za\u0161tita za stabilnost telefona<\/li>\n<li>Jednostavno zaka\u010dite za zra\u010dnike<\/li>\n<\/ul><\/div>\n","protected":false},"excerpt":{"rendered":"<p>Brzo punjenje baterije|Za\u0161tita za stabilnost telefona|Velika povr\u0161ina za punjenje|Kvalitetna struktura|Jednostavno zaka\u010dite za zra\u010dnike |100% jamstvo zadovoljstva<\/p>\n","protected":false},"featured_media":142154,"template":"","meta":[],"product_cat":[18],"product_tag":[],"acf":[],"_links":{"self":[{"href":"https:\/\/smania.store\/hr\/wp-json\/wp\/v2\/product\/142163"}],"collection":[{"href":"https:\/\/smania.store\/hr\/wp-json\/wp\/v2\/product"}],"about":[{"href":"https:\/\/smania.store\/hr\/wp-json\/wp\/v2\/types\/product"}],"wp:featuredmedia":[{"embeddable":true,"href":"https:\/\/smania.store\/hr\/wp-json\/wp\/v2\/media\/142154"}],"wp:attachment":[{"href":"https:\/\/smania.store\/hr\/wp-json\/wp\/v2\/media?parent=142163"}],"wp:term":[{"taxonomy":"product_cat","embeddable":true,"href":"https:\/\/smania.store\/hr\/wp-json\/wp\/v2\/product_cat?post=142163"},{"taxonomy":"product_tag","embeddable":true,"href":"https:\/\/smania.store\/hr\/wp-json\/wp\/v2\/product_tag?post=142163"}],"curies":[{"name":"wp","href":"https:\/\/api.w.org\/{rel}","templated":true}]}}