{"id":141574,"date":"2025-03-18T08:35:18","date_gmt":"2025-03-18T07:35:18","guid":{"rendered":"https:\/\/smania.store\/hr\/proizvod\/sredstvo-za-restauraciju-i-ciscenje-drva-vividwood-300-ml\/"},"modified":"2026-03-29T13:26:50","modified_gmt":"2026-03-29T11:26:50","slug":"sredstvo-za-restauraciju-i-ciscenje-drva-vividwood-300-ml","status":"publish","type":"product","link":"https:\/\/smania.store\/hr\/proizvod\/sredstvo-za-restauraciju-i-ciscenje-drva-vividwood-300-ml\/","title":{"rendered":"Sredstvo za restauraciju i \u010di\u0161\u0107enje drva VividWood\u2122 (300 ml)"},"content":{"rendered":"<div class=\"smania_landing_description_title\">NOVO: VividWood\u2122 \u2013 vratite dosadno drvo u \u017eivot!<\/div>\n<div class=\"smania_landing_description_txt\">Vratite starom drvu prirodnu ljepotu!<\/div>\n<div class=\"smania_landing_description_subtitle\">Za razliku od drugih proizvoda za obnovu drva, VividWood\u2122 ne samo da prekriva o\u0161te\u0107enja! Prodire u povr\u0161inu, neutralizira sije\u0111enje i revitalizira drvo, produ\u017euju\u0107i mu \u017eivotni vijek i \u0161tede\u0107i tro\u0161kove zamjene drva.<\/div>\n<div class=\"smania_landing_description_list\">\n<ul>\n<li>Trenuta\u010dno o\u017eivljava staro, posivjelo drvo<\/li>\n<li>Razgra\u0111uje prljav\u0161tinu, plijesan i oksidaciju koja uzrokuje promjenu boje<\/li>\n<li>Daje va\u0161em drvu svje\u017e, obnovljen izgled<\/li>\n<li>\u010cuva prirodnu privla\u010dnost drva<\/li>\n<li>Svestran za sve vanjske drvene povr\u0161ine<\/li>\n<li>Sigurna formula za dubinsko \u010di\u0161\u0107enje<\/li>\n<\/ul><\/div>\n","protected":false},"excerpt":{"rendered":"<p>Prodire u povr\u0161inu, neutralizira sijedenje i revitalizira drvo|Produ\u017euje \u017eivotni vijek i \u0161tedi tro\u0161kove zamjene drva|Uklanja tvrdokorne diskoloracije i vra\u0107a izvornu toplinu i karakter drva|Obnavlja i pobolj\u0161ava izgled svih va\u0161ih vanjskih drvenih povr\u0161ina|Mo\u017ee se koristiti na podovima, ogradama, vanjskom namje\u0161taju, drvenim \u0161upama i jo\u0161 mnogo toga|Napravljen od sigurnih, nje\u017enih sastojaka, bez jakih kemikalija|Netoksi\u010dan, siguran za ljude, ku\u0107ne ljubimce i biljke|Sadr\u017eaj: 300 ml<\/p>\n","protected":false},"featured_media":141565,"template":"","meta":[],"product_cat":[16,2781],"product_tag":[2509,2782,1519],"acf":[],"_links":{"self":[{"href":"https:\/\/smania.store\/hr\/wp-json\/wp\/v2\/product\/141574"}],"collection":[{"href":"https:\/\/smania.store\/hr\/wp-json\/wp\/v2\/product"}],"about":[{"href":"https:\/\/smania.store\/hr\/wp-json\/wp\/v2\/types\/product"}],"wp:featuredmedia":[{"embeddable":true,"href":"https:\/\/smania.store\/hr\/wp-json\/wp\/v2\/media\/141565"}],"wp:attachment":[{"href":"https:\/\/smania.store\/hr\/wp-json\/wp\/v2\/media?parent=141574"}],"wp:term":[{"taxonomy":"product_cat","embeddable":true,"href":"https:\/\/smania.store\/hr\/wp-json\/wp\/v2\/product_cat?post=141574"},{"taxonomy":"product_tag","embeddable":true,"href":"https:\/\/smania.store\/hr\/wp-json\/wp\/v2\/product_tag?post=141574"}],"curies":[{"name":"wp","href":"https:\/\/api.w.org\/{rel}","templated":true}]}}