{"id":141563,"date":"2025-03-18T08:32:36","date_gmt":"2025-03-18T07:32:36","guid":{"rendered":"https:\/\/smania.store\/hr\/proizvod\/gel-za-uklanjanje-plijesni-banishmold-100-ml\/"},"modified":"2026-04-30T08:40:33","modified_gmt":"2026-04-30T06:40:33","slug":"gel-za-uklanjanje-plijesni-banishmold-100-ml","status":"publish","type":"product","link":"https:\/\/smania.store\/hr\/proizvod\/gel-za-uklanjanje-plijesni-banishmold-100-ml\/","title":{"rendered":"Gel za uklanjanje plijesni BanishMold\u2122 (100 ml)"},"content":{"rendered":"<div class=\"smania_landing_description_title\">NOVO: Rije\u0161ite se prljavih \u0161avova i uporne plijesni<\/div>\n<div class=\"smania_landing_description_txt\">Recite zbogom ribanju i \u0161tetnim kemikalijama<\/div>\n<div class=\"smania_landing_description_subtitle\">BanishMold\u2122 je dizajniran da bude u\u010dinkovit, siguran i jednostavan za kori\u0161tenje, tako da mo\u017eete vratiti \u010disto\u0107u i svje\u017einu svojim prostorima uz minimalan napor.<\/div>\n<div class=\"smania_landing_description_list\">\n<ul>\n<li>Ne trlja se, brzo otapa mrlje od plijesni<\/li>\n<li>Duboko prodire u fuge i kutove plo\u010dica, u\u010dinkovito ciljaju\u0107i plijesan<\/li>\n<li>Uklanja mrlje i sprje\u010dava budu\u0107i rast<\/li>\n<li>Savr\u0161eno za kupaonice, kuhinje, fuge za plo\u010dice, perilice rublja, hladnjake, tu\u0161eve, umivaonike i brtvila<\/li>\n<li>Dulje \u010duva va\u0161 dom bez plijesni za zdravije okru\u017eenje<\/li>\n<\/ul><\/div>\n","protected":false},"excerpt":{"rendered":"<p>Samo nanesite, pri\u010dekajte i gledajte kako mrlje nestaju|Jednostavno i u\u010dinkovito uklanja tvrdokornu plijesan i mrlje|Uklanja mrlje bez o\u0161trog ribanja|Ne sadr\u017ei \u0161tetne kemikalije, \u0161to ga \u010dini prikladnim za domove i obitelji|Sprje\u010dava povratak plijesni|Osigurava svje\u017eije, zdravije okru\u017eenje|Savr\u0161eno za kori\u0161tenje u kupaonicama, kuhinjama i drugim vla\u017enim prostorima|Vra\u0107a \u010disto\u0107u plo\u010dicama, fugirnoj masi, perilicama posu\u0111a itd|Lako se nanosi na \u0161avove i uske rogove|Sadr\u017eaj: 100 ml<\/p>\n","protected":false},"featured_media":141554,"template":"","meta":[],"product_cat":[16,2781],"product_tag":[1550,2782],"acf":[],"_links":{"self":[{"href":"https:\/\/smania.store\/hr\/wp-json\/wp\/v2\/product\/141563"}],"collection":[{"href":"https:\/\/smania.store\/hr\/wp-json\/wp\/v2\/product"}],"about":[{"href":"https:\/\/smania.store\/hr\/wp-json\/wp\/v2\/types\/product"}],"wp:featuredmedia":[{"embeddable":true,"href":"https:\/\/smania.store\/hr\/wp-json\/wp\/v2\/media\/141554"}],"wp:attachment":[{"href":"https:\/\/smania.store\/hr\/wp-json\/wp\/v2\/media?parent=141563"}],"wp:term":[{"taxonomy":"product_cat","embeddable":true,"href":"https:\/\/smania.store\/hr\/wp-json\/wp\/v2\/product_cat?post=141563"},{"taxonomy":"product_tag","embeddable":true,"href":"https:\/\/smania.store\/hr\/wp-json\/wp\/v2\/product_tag?post=141563"}],"curies":[{"name":"wp","href":"https:\/\/api.w.org\/{rel}","templated":true}]}}