{"id":140576,"date":"2025-03-14T10:13:00","date_gmt":"2025-03-14T09:13:00","guid":{"rendered":"https:\/\/smania.store\/hr\/proizvod\/podesiv-i-prozracan-naslon-kreveta-bedlift\/"},"modified":"2026-04-06T12:35:54","modified_gmt":"2026-04-06T10:35:54","slug":"podesiv-i-prozracan-naslon-kreveta-bedlift","status":"publish","type":"product","link":"https:\/\/smania.store\/hr\/proizvod\/podesiv-i-prozracan-naslon-kreveta-bedlift\/","title":{"rendered":"Podesiv i prozra\u010dan naslon kreveta BedLift\u2122"},"content":{"rendered":"<div class=\"smania_landing_description_title\">NOVO: BedLift\u2122 \u2013 za maksimalnu udobnost u krevetu<\/div>\n<div class=\"smania_landing_description_txt\">Idealno za starije osobe, trudnice i osobe smanjene pokretljivosti!<\/div>\n<div class=\"smania_landing_description_subtitle\">\u017delite savr\u0161enu potporu dok se opu\u0161tate, \u010ditate ili radite u krevetu? Otkrijte BedLift\u2122 podesivi, prozra\u010dni naslon kreveta, dizajniran za pru\u017eanje vrhunske podr\u0161ke i udobnosti. Neka vas ovaj nevjerojatni podesivi naslon razmazi i pretvori svaki trenutak proveden u krevetu u \u010disti u\u017eitak!<\/div>\n<div class=\"smania_landing_description_list\">\n<ul>\n<li>Podesivi kut u 6 polo\u017eaja u rasponu od 0\u00b0 do 80\u00b0<\/li>\n<li>Ergonomska potpora za le\u0111a, vrat, struk i ruke<\/li>\n<li>Izdr\u017eljiv \u010deli\u010dni okvir visoke \u010dvrsto\u0107e<\/li>\n<li>Prozra\u010dna i udobna tkanina<\/li>\n<li>Idealan za starije osobe, trudnice i osobe smanjene pokretljivosti<\/li>\n<li>Savr\u0161eno za \u010ditanje, gledanje filmova ili rad u krevetu<\/li>\n<\/ul><\/div>\n","protected":false},"excerpt":{"rendered":"<p>Podesivi kut osigurava maksimalnu udobnost|\u010cvrsta i izdr\u017eljiva konstrukcija|Optimalna prozra\u010dnost za duge sesije|Udobni podstavljeni nasloni za ruke|Jastuk koji se mo\u017ee skinuti|Koristite ga kod ku\u0107e, na pla\u017ei, na kampiranju|6 podesivih kutova: 0\u00b0\u201380\u00b0|Dizajn koji ne klizi|Visina: 31\u201355 cm|Materijal: visokouglji\u010dni \u010delik, PVC mre\u017easta tkanina|Maks. nosivost: 136 kg|Te\u017eina: 3 kg<\/p>\n","protected":false},"featured_media":140564,"template":"","meta":[],"product_cat":[16],"product_tag":[2509],"acf":[],"_links":{"self":[{"href":"https:\/\/smania.store\/hr\/wp-json\/wp\/v2\/product\/140576"}],"collection":[{"href":"https:\/\/smania.store\/hr\/wp-json\/wp\/v2\/product"}],"about":[{"href":"https:\/\/smania.store\/hr\/wp-json\/wp\/v2\/types\/product"}],"wp:featuredmedia":[{"embeddable":true,"href":"https:\/\/smania.store\/hr\/wp-json\/wp\/v2\/media\/140564"}],"wp:attachment":[{"href":"https:\/\/smania.store\/hr\/wp-json\/wp\/v2\/media?parent=140576"}],"wp:term":[{"taxonomy":"product_cat","embeddable":true,"href":"https:\/\/smania.store\/hr\/wp-json\/wp\/v2\/product_cat?post=140576"},{"taxonomy":"product_tag","embeddable":true,"href":"https:\/\/smania.store\/hr\/wp-json\/wp\/v2\/product_tag?post=140576"}],"curies":[{"name":"wp","href":"https:\/\/api.w.org\/{rel}","templated":true}]}}