{"id":135789,"date":"2025-02-20T11:09:37","date_gmt":"2025-02-20T10:09:37","guid":{"rendered":"https:\/\/smania.store\/hr\/proizvod\/magnetsko-kamenje-igra-magfield\/"},"modified":"2026-05-01T13:32:51","modified_gmt":"2026-05-01T11:32:51","slug":"magnetsko-kamenje-igra-magfield","status":"publish","type":"product","link":"https:\/\/smania.store\/hr\/proizvod\/magnetsko-kamenje-igra-magfield\/","title":{"rendered":"Magnetsko kamenje igra MagField"},"content":{"rendered":"<div class=\"smania_landing_description_title\">NOVO: Igrajte se s magnetskom silom<\/div>\n<div class=\"smania_landing_description_txt\">Izazovite svoju obitelj na igru \u200b\u200bmagnetizma i pobijedite!<\/div>\n<div class=\"smania_landing_description_subtitle\">MagField \u2013 igra koja spaja strategiju i magnetizam u iskustvo koje morate imati! Neka svaka igra bude vrijeme zabave i natjecanja, uspostavljanja veza s prijateljima i obitelji i poticanja va\u0161eg logi\u010dkog razmi\u0161ljanja. Savr\u0161eno za cijelu obitelj i no\u0107ne igre s prijateljima, pripremite se za zabavan i uzbudljiv magnetski izazov!<\/div>\n<div class=\"smania_landing_description_list\">\n<ul>\n<li>Poti\u010de strate\u0161ko i logi\u010dno razmi\u0161ljanje<\/li>\n<li>Poti\u010de dru\u0161tvenu interakciju i ja\u010da odnose<\/li>\n<li>Inovativni magnetski dizajn spaja zabavu i u\u010denje<\/li>\n<li>Kompaktno i prenosivo pakiranje s torbom za no\u0161enje<\/li>\n<li>Igra za vi\u0161e igra\u010da za neograni\u010denu zabavu<\/li>\n<li>Prikladno za uzrast od 3 godine i vi\u0161e, savr\u0161eno za cijelu obitelj<\/li>\n<\/ul><\/div>\n","protected":false},"excerpt":{"rendered":"<p>Ja\u010da odnose u igri|Stvara opu\u0161tenu atmosferu, idealnu za no\u0107ne igre|Jednostavan za u\u010denje i igranje, \u010dak i za djecu|Sigurni i izdr\u017eljivi materijali|Kombinira zabavu i u\u010denje|Ponesite ga gdje god \u017eelite|Prikladna dob: 3 godine i vi\u0161e|Paket uklju\u010duje: 20 magnetna kamena, u\u017ee, torbu za pohranu, priru\u010dnik<\/p>\n","protected":false},"featured_media":149297,"template":"","meta":[],"product_cat":[17],"product_tag":[1649],"acf":[],"_links":{"self":[{"href":"https:\/\/smania.store\/hr\/wp-json\/wp\/v2\/product\/135789"}],"collection":[{"href":"https:\/\/smania.store\/hr\/wp-json\/wp\/v2\/product"}],"about":[{"href":"https:\/\/smania.store\/hr\/wp-json\/wp\/v2\/types\/product"}],"wp:featuredmedia":[{"embeddable":true,"href":"https:\/\/smania.store\/hr\/wp-json\/wp\/v2\/media\/149297"}],"wp:attachment":[{"href":"https:\/\/smania.store\/hr\/wp-json\/wp\/v2\/media?parent=135789"}],"wp:term":[{"taxonomy":"product_cat","embeddable":true,"href":"https:\/\/smania.store\/hr\/wp-json\/wp\/v2\/product_cat?post=135789"},{"taxonomy":"product_tag","embeddable":true,"href":"https:\/\/smania.store\/hr\/wp-json\/wp\/v2\/product_tag?post=135789"}],"curies":[{"name":"wp","href":"https:\/\/api.w.org\/{rel}","templated":true}]}}