{"id":21401,"date":"2021-10-12T10:39:32","date_gmt":"2021-10-12T08:39:32","guid":{"rendered":"https:\/\/smania.store\/fr\/?page_id=21401"},"modified":"2021-10-12T10:39:32","modified_gmt":"2021-10-12T08:39:32","slug":"politique-de-cookies","status":"publish","type":"page","link":"https:\/\/smania.store\/fr\/politique-de-cookies\/","title":{"rendered":"Politique de cookies"},"content":{"rendered":"<div class=\"cli_pg_page_contaner\">\n<h3>\u00c0 propos de la politique de cookies<\/h3>\n<div>La politique de cookies explique ce que sont les cookies et comment nous les utilisons, les types de cookies que nous utilisons, c&#8217;est-\u00e0-dire les informations que nous recueillons \u00e0 l&#8217;aide de cookies et comment ces informations sont utilis\u00e9es, et comment g\u00e9rer les pr\u00e9f\u00e9rences en mati\u00e8re de cookies. Pour plus d&#8217;informations sur la mani\u00e8re dont nous utilisons, stockons et prot\u00e9geons vos donn\u00e9es personnelles, consultez notre Politique de confidentialit\u00e9.Vous pouvez \u00e0 tout moment modifier ou retirer votre consentement de la d\u00e9claration relative aux cookies sur notre site Web.Pour en savoir plus sur qui nous sommes, comment vous pouvez nous contacter et comment nous traitons les donn\u00e9es personnelles, consultez notre Politique de confidentialit\u00e9.Votre consentement s&#8217;applique aux domaines suivants :\u00a0 smania.store<div class=\"cli_user_consent_state\">Votre \u00e9tat actuel\u00a0: Aucun consentement donn\u00e9. <a class=\"cli_manage_current_consent\" style=\"cursor:pointer;text-decoration:underline;\">G\u00e9rez votre consentement.<\/a> <\/div><\/div>\n<h3><\/h3>\n<h3>Qu\u2019est-ce qu\u2019un cookie ?<\/h3>\n<div>Les cookies sont de petits fichiers texte qui sont utilis\u00e9s pour stocker de petites informations. Ils sont stock\u00e9s sur votre appareil lorsque le site Web est charg\u00e9 sur votre navigateur. Les cookies nous aident \u00e0 faire fonctionner correctement le site Web, \u00e0 le rendre plus s\u00fbr, \u00e0 offrir une meilleure exp\u00e9rience utilisateur, \u00e0 comprendre comment le site Web fonctionne et \u00e0 analyser ce qui fonctionne et o\u00f9 il doit \u00eatre am\u00e9lior\u00e9.<\/div>\n<h3><\/h3>\n<h3>Comment utilisons-nous les cookies ?<\/h3>\n<div>Comme la plupart des services en ligne, notre site Web utilise des cookies internes et de tiers \u00e0 plusieurs fins. Les cookies internes sont principalement n\u00e9cessaires au bon fonctionnement du site et ils ne collectent aucune de vos donn\u00e9es personnellement identifiables.Les cookies tiers utilis\u00e9s sur notre site Web servent principalement \u00e0 comprendre comment le site fonctionne, comment vous interagissez avec le site, \u00e0 assurer la s\u00e9curit\u00e9 de nos services, \u00e0 fournir des publicit\u00e9s pertinentes pour vous et, dans l&#8217;ensemble, \u00e0 vous offrir une meilleure exp\u00e9rience utilisateur et \u00e0 acc\u00e9l\u00e9rer vos interactions futures avec notre site.<\/div>\n<h3><\/h3>\n<h3>Quels types de cookies utilisons-nous ?<\/h3>\n<div>Indispensables : Certains cookies sont essentiels pour que vous puissiez b\u00e9n\u00e9ficier de toutes les fonctionnalit\u00e9s de notre site. Ils nous permettent de maintenir les sessions utilisateur et de pr\u00e9venir toute menace de s\u00e9curit\u00e9. Ils ne collectent ni ne stockent aucune information personnelle. Par exemple, ces cookies vous permettent de vous connecter \u00e0 votre compte, d&#8217;ajouter des produits \u00e0 votre panier et de r\u00e9gler vos achats en toute s\u00e9curit\u00e9.<\/div>\n<div><\/div>\n<div><\/div>\n<div>Statistiques : Ces cookies stockent des informations telles que le nombre de visiteurs du site, le nombre de visiteurs uniques, les pages du site qui ont \u00e9t\u00e9 visit\u00e9es, la source de la visite, etc. Ces donn\u00e9es nous aident \u00e0 comprendre et \u00e0 analyser les performances du site et les points \u00e0 am\u00e9liorer.<\/div>\n<div><\/div>\n<div><\/div>\n<div>De publicit\u00e9 : Notre site Web affiche des publicit\u00e9s. Ces cookies sont utilis\u00e9s pour personnaliser les annonces que nous vous montrons afin qu&#8217;elles soient pertinentes pour vous. Ils nous aident \u00e9galement \u00e0 suivre l&#8217;efficacit\u00e9 de ces campagnes publicitaires.Les informations stock\u00e9es dans ces cookies peuvent \u00e9galement \u00eatre utilis\u00e9es par les fournisseurs de publicit\u00e9 tiers afin de vous montrer des annonces sur d&#8217;autres sites sur le navigateur.<\/div>\n<div><\/div>\n<div><\/div>\n<div>De fonctionnalit\u00e9 : Ce sont les cookies qui facilitent certaines fonctionnalit\u00e9s non essentielles sur notre site Web. Ces fonctionnalit\u00e9s incluent l&#8217;int\u00e9gration de contenu comme des vid\u00e9os ou le partage de contenu du site sur les plateformes de m\u00e9dias sociaux.<\/div>\n<div><\/div>\n<div><\/div>\n<div>De pr\u00e9f\u00e9rences : Ces cookies nous aident \u00e0 stocker vos param\u00e8tres et pr\u00e9f\u00e9rences de navigation, comme les pr\u00e9f\u00e9rences linguistiques, afin que vous ayez une exp\u00e9rience meilleure et efficace lors de vos futures visites sur notre site.<\/div>\n<div><\/div>\n<div><\/div>\n<h3><\/h3>\n<h3>Comment puis-je g\u00e9rer les param\u00e8tres des cookies ?<\/h3>\n<div>Si vous d\u00e9cidez de modifier vos pr\u00e9f\u00e9rences ult\u00e9rieurement au cours de votre session de navigation, vous pouvez cliquer sur l&#8217;onglet Politique de confidentialit\u00e9 et de cookies sur votre \u00e9cran. L&#8217;avis de consentement s&#8217;affichera \u00e0 nouveau, ce qui vous permettra de modifier vos pr\u00e9f\u00e9rences ou de retirer enti\u00e8rement votre consentement.En outre, diff\u00e9rents navigateurs proposent diff\u00e9rentes m\u00e9thodes pour bloquer et supprimer les cookies utilis\u00e9s par les sites Web. Vous pouvez modifier les param\u00e8tres de votre navigateur pour bloquer\/supprimer les cookies. Pour en savoir plus sur la mani\u00e8re de g\u00e9rer et de supprimer les cookies, consultez :\u00a0wikipedia.org, www.allaboutcookies.org.<\/div>\n<\/div>\n","protected":false},"excerpt":{"rendered":"<p>\u00c0 propos de la politique de cookies La politique de cookies explique ce que sont les cookies et comment nous les utilisons, les types de cookies que nous utilisons, c&#8217;est-\u00e0-dire les informations que nous recueillons \u00e0 l&#8217;aide de cookies et comment ces informations sont utilis\u00e9es, et comment g\u00e9rer les pr\u00e9f\u00e9rences en mati\u00e8re de cookies. Pour [&hellip;]<\/p>\n","protected":false},"author":1,"featured_media":0,"parent":0,"menu_order":0,"comment_status":"closed","ping_status":"closed","template":"","meta":{"_acf_changed":false,"footnotes":""},"acf":[],"_links":{"self":[{"href":"https:\/\/smania.store\/fr\/wp-json\/wp\/v2\/pages\/21401"}],"collection":[{"href":"https:\/\/smania.store\/fr\/wp-json\/wp\/v2\/pages"}],"about":[{"href":"https:\/\/smania.store\/fr\/wp-json\/wp\/v2\/types\/page"}],"author":[{"embeddable":true,"href":"https:\/\/smania.store\/fr\/wp-json\/wp\/v2\/users\/1"}],"replies":[{"embeddable":true,"href":"https:\/\/smania.store\/fr\/wp-json\/wp\/v2\/comments?post=21401"}],"version-history":[{"count":1,"href":"https:\/\/smania.store\/fr\/wp-json\/wp\/v2\/pages\/21401\/revisions"}],"predecessor-version":[{"id":21402,"href":"https:\/\/smania.store\/fr\/wp-json\/wp\/v2\/pages\/21401\/revisions\/21402"}],"wp:attachment":[{"href":"https:\/\/smania.store\/fr\/wp-json\/wp\/v2\/media?parent=21401"}],"curies":[{"name":"wp","href":"https:\/\/api.w.org\/{rel}","templated":true}]}}