{"id":1725,"date":"2021-05-19T05:40:43","date_gmt":"2021-05-19T03:40:43","guid":{"rendered":"https:\/\/s-mania.si\/?page_id=1725"},"modified":"2023-02-03T11:50:10","modified_gmt":"2023-02-03T10:50:10","slug":"a-propos-de-nous","status":"publish","type":"page","link":"https:\/\/smania.store\/fr\/a-propos-de-nous\/","title":{"rendered":"\u00c0 propos de nous"},"content":{"rendered":"\n<div class=\"smania_static_side\">\n\n    <div class=\"smania_static_side_left\">\n        <h4>Adresse<\/h4>\n        DFVU d.&nbsp;o.&nbsp;o.\n        <br>\n        Liparjeva cesta 6a\n        <br>\n        1234 Menge\u0161\n        <br>\n        Slov\u00e9nie        \n        <br><br>\n        <h4>Adresse \u00e9lectronique<\/h4>\n        <a href=\"mailto:fr@smania.store\">fr@smania.store<\/a>\n        \n        <br><br>\n        <h4>Horaires<\/h4>\n        Lundi \u00e0 vendredi&nbsp;: de 7h \u00e0 15h\n        \n        <br><br>\n        <h4>Informations sur l&#8217;\u00e9tablissement<\/h4>\n        Enregistr\u00e9&nbsp;: AJPES, unit\u00e9 administrative Ljubljana\n        <br>\n        Date d&#8217;enregistrement&nbsp;: 13. 12. 2016\n        \n        <br><br>\n        <h4>Donn\u00e9es d&#8217;identification<\/h4>\n        TVA&nbsp;: SI35983175\n        <br>\n        Entreprise enregistr\u00e9e \u00e0 la TVA: OUI\n        <br>\n        SIREN&nbsp;: 7193548000\n        <br>\n        IBAN : SI56 6100 0001 5525 391 (DELAVSKA HRANILNICA d.&nbsp;d.)\n        <br>\n        BIC&nbsp;: HDELSI22\n    \n    <\/div>\n    \n    <div class=\"smania_static_side_right\">\n    \n        <h3>AVIS<\/h3>\n        <span style=\"color: #808080;\">29\/03\/2021<\/span>\n        <br>\n        <strong> Avis sur la non-utilisation du timbre pour la v\u00e9rification des documents<\/strong>\n        <br>\n        <a target=\"_blank\" href=\"https:\/\/s-mania.si\/wp-content\/uploads\/doc\/Sklep-o-neuporabi-%C5%BEiga-2021.pdf\" rel=\"noopener\">Voir document<\/a>\n    \n    <\/div>\n    \n<\/div>\n    \n    <style>\n    \n    #main a {\n        color: #0087DE;\n        text-decoration: none!important;\n        }\n    \n    .smania_static_side {\n    \n        display: flex;\n        flex-direction: row;\n    \n    }\n    \n    .smania_static_side_left {\n    \n        padding-right: 40px;\n        margin-right: 40px;\n        border-right: 1px solid #dcdcdc;\n    \n    }\n    \n    @media only screen and (max-width: 800px) {\n    \n        .smania_static_side {\n    \n            flex-direction: column;\n    \n        }\n    \n        .smania_static_side > div {\n    \n            width: 100%;\n    \n        }\n    \n        .smania_static_side_left {\n    \n            padding-right: 0;\n            margin-right: 0;\n            border-right: none;\n    \n            padding-bottom: 40px;\n            margin-bottom: 40px;\n            border-bottom: 1px solid #dcdcdc;\n    \n        }\n    \n    }\n    \n    <\/style>\n\n\n\n<p><\/p>\n","protected":false},"excerpt":{"rendered":"<p>Adresse DFVU d.&nbsp;o.&nbsp;o. Liparjeva cesta 6a 1234 Menge\u0161 Slov\u00e9nie Adresse \u00e9lectronique fr@smania.store Horaires Lundi \u00e0 vendredi&nbsp;: de 7h \u00e0 15h Informations sur l&#8217;\u00e9tablissement Enregistr\u00e9&nbsp;: AJPES, unit\u00e9 administrative Ljubljana Date d&#8217;enregistrement&nbsp;: 13. 12. 2016 Donn\u00e9es d&#8217;identification TVA&nbsp;: SI35983175 Entreprise enregistr\u00e9e \u00e0 la TVA: OUI SIREN&nbsp;: 7193548000 IBAN : SI56 6100 0001 5525 391 (DELAVSKA HRANILNICA d.&nbsp;d.) [&hellip;]<\/p>\n","protected":false},"author":1,"featured_media":0,"parent":0,"menu_order":0,"comment_status":"closed","ping_status":"closed","template":"","meta":{"_acf_changed":false,"footnotes":""},"acf":[],"_links":{"self":[{"href":"https:\/\/smania.store\/fr\/wp-json\/wp\/v2\/pages\/1725"}],"collection":[{"href":"https:\/\/smania.store\/fr\/wp-json\/wp\/v2\/pages"}],"about":[{"href":"https:\/\/smania.store\/fr\/wp-json\/wp\/v2\/types\/page"}],"author":[{"embeddable":true,"href":"https:\/\/smania.store\/fr\/wp-json\/wp\/v2\/users\/1"}],"replies":[{"embeddable":true,"href":"https:\/\/smania.store\/fr\/wp-json\/wp\/v2\/comments?post=1725"}],"version-history":[{"count":29,"href":"https:\/\/smania.store\/fr\/wp-json\/wp\/v2\/pages\/1725\/revisions"}],"predecessor-version":[{"id":22562,"href":"https:\/\/smania.store\/fr\/wp-json\/wp\/v2\/pages\/1725\/revisions\/22562"}],"wp:attachment":[{"href":"https:\/\/smania.store\/fr\/wp-json\/wp\/v2\/media?parent=1725"}],"curies":[{"name":"wp","href":"https:\/\/api.w.org\/{rel}","templated":true}]}}