{"id":23815,"date":"2022-11-23T06:21:13","date_gmt":"2022-11-23T05:21:13","guid":{"rendered":"https:\/\/smania.store\/es\/producto\/protector-de-orina-para-perros-pipad\/"},"modified":"2023-01-18T17:31:11","modified_gmt":"2023-01-18T16:31:11","slug":"protector-de-orina-para-perros-pipad","status":"publish","type":"product","link":"https:\/\/smania.store\/es\/producto\/protector-de-orina-para-perros-pipad\/","title":{"rendered":"Protector de orina para perros PiPad"},"content":{"rendered":"<div class=\"smania_landing_description_title\">\u00a1NUEVO! Protector de orina para perros PiPad<\/div>\n<div class=\"smania_landing_description_txt\">\u00a1Deje a su perro en casa sin preocuparse!<\/div>\n<div class=\"smania_landing_description_subtitle\">El coj\u00edn para orinar para perros PiPad es un verdadero salvavidas para todos los due\u00f1os de mascotas ausentes la mayor parte del d\u00eda. Este gran accesorio mantendr\u00e1 a su perro c\u00f3modo mientras usted se concentra en su trabajo.<\/div>\n<div class=\"smania_landing_description_list\">\n<ul>\n<li>Absorbe y retiene los l\u00edquidos y los olores<\/li>\n<li>Adecuado para cachorros peque\u00f1os, perros medianos y perros grandes<\/li>\n<li>Perfecto para perros que necesitan ayuda a la hora de orinar<\/li>\n<li>Disponible en 4 dise\u00f1os distintos<\/li>\n<li>Ayuda a mantener la casa y el perro limpios<\/li>\n<\/ul><\/div>\n","protected":false},"excerpt":{"rendered":"<p>Adecuado para perros peque\u00f1os, medianos o grandes|F\u00e1cil de lavar y secar|Puede utilizarse como m\u00e9todo de adiestramiento para cachorros j\u00f3venes|Material impermeable|Material: poli\u00e9ster|Medidas: 80 \u00d7 90 cm|Seguro y f\u00e1cil de usar|Satisfacci\u00f3n 100% garantizada<\/p>\n","protected":false},"featured_media":23806,"template":"","meta":[],"product_cat":[1596,1706],"product_tag":[],"acf":[],"_links":{"self":[{"href":"https:\/\/smania.store\/es\/wp-json\/wp\/v2\/product\/23815"}],"collection":[{"href":"https:\/\/smania.store\/es\/wp-json\/wp\/v2\/product"}],"about":[{"href":"https:\/\/smania.store\/es\/wp-json\/wp\/v2\/types\/product"}],"wp:featuredmedia":[{"embeddable":true,"href":"https:\/\/smania.store\/es\/wp-json\/wp\/v2\/media\/23806"}],"wp:attachment":[{"href":"https:\/\/smania.store\/es\/wp-json\/wp\/v2\/media?parent=23815"}],"wp:term":[{"taxonomy":"product_cat","embeddable":true,"href":"https:\/\/smania.store\/es\/wp-json\/wp\/v2\/product_cat?post=23815"},{"taxonomy":"product_tag","embeddable":true,"href":"https:\/\/smania.store\/es\/wp-json\/wp\/v2\/product_tag?post=23815"}],"curies":[{"name":"wp","href":"https:\/\/api.w.org\/{rel}","templated":true}]}}