{"id":23797,"date":"2022-11-23T06:20:49","date_gmt":"2022-11-23T05:20:49","guid":{"rendered":"https:\/\/smania.store\/es\/producto\/tobillera-crystal\/"},"modified":"2022-11-23T06:20:53","modified_gmt":"2022-11-23T05:20:53","slug":"tobillera-crystal","status":"publish","type":"product","link":"https:\/\/smania.store\/es\/producto\/tobillera-crystal\/","title":{"rendered":"Tobillera Crystal"},"content":{"rendered":"<div class=\"smania_landing_description_title\">\u00a1NUEVO! Tobillera Crystal<\/div>\n<div class=\"smania_landing_description_txt\">\u00a1Prep\u00e1rese para la temporada de sandalias!<\/div>\n<div class=\"smania_landing_description_subtitle\">A medida que los d\u00edas se vuelven m\u00e1s c\u00e1lidos, todos estamos ansiosos por deshacernos de las pesadas botas y ponernos un calzado ligero. Esta es la oportunidad perfecta para adornar sus tobillos con una nueva y delicada tobillera de nuestra colecci\u00f3n Crystal.<\/div>\n<div class=\"smania_landing_description_list\">\n<ul>\n<li>A\u00f1ade un toque final elegante a su conjunto<\/li>\n<li>Hace que tus tobillos parezcan m\u00e1s delgados<\/li>\n<li>Combina bien con ropa formal o informal<\/li>\n<li>Tama\u00f1o ajustable para un ajuste perfecto<\/li>\n<li>Fabricado con materiales duraderos y respetuosos con la piel<\/li>\n<\/ul><\/div>\n","protected":false},"excerpt":{"rendered":"<p>Completa perfectamente cualquier conjunto|Adecuado para ropa formal e informal|Un bonito regalo para un ser querido|Los colores no se desvanecen ni cambian|Material: lat\u00f3n|Longitud: 20 + 8 cm<\/p>\n","protected":false},"featured_media":23787,"template":"","meta":[],"product_cat":[1598],"product_tag":[1608],"acf":[],"_links":{"self":[{"href":"https:\/\/smania.store\/es\/wp-json\/wp\/v2\/product\/23797"}],"collection":[{"href":"https:\/\/smania.store\/es\/wp-json\/wp\/v2\/product"}],"about":[{"href":"https:\/\/smania.store\/es\/wp-json\/wp\/v2\/types\/product"}],"wp:featuredmedia":[{"embeddable":true,"href":"https:\/\/smania.store\/es\/wp-json\/wp\/v2\/media\/23787"}],"wp:attachment":[{"href":"https:\/\/smania.store\/es\/wp-json\/wp\/v2\/media?parent=23797"}],"wp:term":[{"taxonomy":"product_cat","embeddable":true,"href":"https:\/\/smania.store\/es\/wp-json\/wp\/v2\/product_cat?post=23797"},{"taxonomy":"product_tag","embeddable":true,"href":"https:\/\/smania.store\/es\/wp-json\/wp\/v2\/product_tag?post=23797"}],"curies":[{"name":"wp","href":"https:\/\/api.w.org\/{rel}","templated":true}]}}