{"id":23632,"date":"2022-09-13T09:44:18","date_gmt":"2022-09-13T07:44:18","guid":{"rendered":"https:\/\/smania.store\/es\/producto\/calcetines-de-dedos-toesy\/"},"modified":"2022-09-28T08:40:29","modified_gmt":"2022-09-28T06:40:29","slug":"calcetines-de-dedos-toesy","status":"publish","type":"product","link":"https:\/\/smania.store\/es\/producto\/calcetines-de-dedos-toesy\/","title":{"rendered":"Calcetines de dedos Toesy"},"content":{"rendered":"<div class=\"smania_landing_description_title\">\u00a1Nuevo! Calcetines de dedo Toesy<\/div>\n<div class=\"smania_landing_description_txt\">\u00a1Para un paso c\u00f3modo y saludable!<\/div>\n<div class=\"smania_landing_description_subtitle\">Estos calcetines de alta gama combinan moda y practicidad y pueden ofrecerle una experiencia perfecta durante el ejercicio y la carrera. Mantienen los dedos de los pies separados, evitando el contacto con la piel, las ampollas y las abrasiones..<\/div>\n<div class=\"smania_landing_description_list\">\n<ul>\n<li>La primera elecci\u00f3n de los corredores y de quienes suelen estar de pie o caminar<\/li>\n<li>Mejora la circulaci\u00f3n sangu\u00ednea de los pies<\/li>\n<li>Transpirable, suave y c\u00f3modo de llevar<\/li>\n<li>Su dise\u00f1o el\u00e1stico garantiza un ajuste perfecto<\/li>\n<li>La silicona en los talones evita el deslizamiento <\/li>\n<\/ul><\/div>\n","protected":false},"excerpt":{"rendered":"<p>Evitar la fricci\u00f3n entre los dedos y las ampollas|Suave y c\u00f3modo de llevar|Transpirable y el\u00e1stico |Absorci\u00f3n de la humedad|Mayor flexibilidad de los pies |Silicona en los talones|Material: algod\u00f3n|Adecuado para las tallas: 36\u201344<\/p>\n","protected":false},"featured_media":23655,"template":"","meta":[],"product_cat":[1706,1597],"product_tag":[1683,1663],"acf":[],"_links":{"self":[{"href":"https:\/\/smania.store\/es\/wp-json\/wp\/v2\/product\/23632"}],"collection":[{"href":"https:\/\/smania.store\/es\/wp-json\/wp\/v2\/product"}],"about":[{"href":"https:\/\/smania.store\/es\/wp-json\/wp\/v2\/types\/product"}],"wp:featuredmedia":[{"embeddable":true,"href":"https:\/\/smania.store\/es\/wp-json\/wp\/v2\/media\/23655"}],"wp:attachment":[{"href":"https:\/\/smania.store\/es\/wp-json\/wp\/v2\/media?parent=23632"}],"wp:term":[{"taxonomy":"product_cat","embeddable":true,"href":"https:\/\/smania.store\/es\/wp-json\/wp\/v2\/product_cat?post=23632"},{"taxonomy":"product_tag","embeddable":true,"href":"https:\/\/smania.store\/es\/wp-json\/wp\/v2\/product_tag?post=23632"}],"curies":[{"name":"wp","href":"https:\/\/api.w.org\/{rel}","templated":true}]}}