{"id":23619,"date":"2022-09-13T09:43:32","date_gmt":"2022-09-13T07:43:32","guid":{"rendered":"https:\/\/smania.store\/es\/producto\/caja-de-regalo-explosiva-justforyou\/"},"modified":"2022-09-13T09:43:35","modified_gmt":"2022-09-13T07:43:35","slug":"caja-de-regalo-explosiva-justforyou","status":"publish","type":"product","link":"https:\/\/smania.store\/es\/producto\/caja-de-regalo-explosiva-justforyou\/","title":{"rendered":"Caja de regalo explosiva JustForYou"},"content":{"rendered":"<div class=\"smania_landing_description_title\">\u00a1NUEVO! Caja de regalo explosiva JustForYou<\/div>\n<div class=\"smania_landing_description_txt\">\u00a1Una forma \u00fanica de demostrar su amor y aprecio!<\/div>\n<div class=\"smania_landing_description_subtitle\">La caja de regalo explosiva JustForYou esconde muchas sorpresas. Una vez abierta, su dise\u00f1o multicapa explotar\u00e1, con los lados cayendo hacia atr\u00e1s para revelar un \u00e1lbum de fotos en forma de rosa y una peque\u00f1a caja de regalo en el centro.<\/div>\n<div class=\"smania_landing_description_list\">\n<ul>\n<li>6 laterales de varias capas con bolsillos para fotograf\u00edas<\/li>\n<li>La caja de regalo del centro es perfecta para objetos peque\u00f1os: una joya o un perfume<\/li>\n<li>Encantador dise\u00f1o con una elegante cinta decorativa<\/li>\n<li>Regalo ideal para su amigo, familia o pareja<\/li>\n<\/ul><\/div>\n","protected":false},"excerpt":{"rendered":"<p>\u00c1lbum de fotos DIY|Peque\u00f1a caja de regalo en el centro para una doble sorpresa|Perfecto como regalo de San Valent\u00edn, cumplea\u00f1os y Navidad|Disponible en diferentes colores|Tama\u00f1o de la caja: 25 \u00d7 15 cm|Material: cart\u00f3n<\/p>\n","protected":false},"featured_media":23611,"template":"","meta":[],"product_cat":[1599,1706],"product_tag":[1701],"acf":[],"_links":{"self":[{"href":"https:\/\/smania.store\/es\/wp-json\/wp\/v2\/product\/23619"}],"collection":[{"href":"https:\/\/smania.store\/es\/wp-json\/wp\/v2\/product"}],"about":[{"href":"https:\/\/smania.store\/es\/wp-json\/wp\/v2\/types\/product"}],"wp:featuredmedia":[{"embeddable":true,"href":"https:\/\/smania.store\/es\/wp-json\/wp\/v2\/media\/23611"}],"wp:attachment":[{"href":"https:\/\/smania.store\/es\/wp-json\/wp\/v2\/media?parent=23619"}],"wp:term":[{"taxonomy":"product_cat","embeddable":true,"href":"https:\/\/smania.store\/es\/wp-json\/wp\/v2\/product_cat?post=23619"},{"taxonomy":"product_tag","embeddable":true,"href":"https:\/\/smania.store\/es\/wp-json\/wp\/v2\/product_tag?post=23619"}],"curies":[{"name":"wp","href":"https:\/\/api.w.org\/{rel}","templated":true}]}}