{"id":23604,"date":"2022-09-13T09:42:29","date_gmt":"2022-09-13T07:42:29","guid":{"rendered":"https:\/\/smania.store\/es\/producto\/auriculares-inalambricos-daedox\/"},"modified":"2022-09-13T09:42:32","modified_gmt":"2022-09-13T07:42:32","slug":"auriculares-inalambricos-daedox","status":"publish","type":"product","link":"https:\/\/smania.store\/es\/producto\/auriculares-inalambricos-daedox\/","title":{"rendered":"Auriculares inal\u00e1mbricos Daedox"},"content":{"rendered":"<div class=\"smania_landing_description_title\">\u00a1NUEVO! Auriculares inal\u00e1mbricos Daedox<\/div>\n<div class=\"smania_landing_description_txt\">\u00a1Sonido n\u00edtido en cualquier momento y lugar!<\/div>\n<div class=\"smania_landing_description_subtitle\">Sus llamadas y su m\u00fasica sonar\u00e1n mejor que nunca con los auriculares Daedox. Son tan ligeros y c\u00f3modos que se olvidar\u00e1 de que los lleva puestos. P\u00falselos para controlar la m\u00fasica, las llamadas y los asistentes de voz, ni siquiera necesitar\u00e1 su tel\u00e9fono.<\/div>\n<div class=\"smania_landing_description_list\">\n<ul>\n<li>Dise\u00f1o ergon\u00f3mico \u00fanico que se adapta perfectamente al o\u00eddo<\/li>\n<li>Reducci\u00f3n activa del ruido para un sonido claro y de alta calidad<\/li>\n<li>Funda protectora que hace las veces de cargador<\/li>\n<li>Pantalla digital inteligente<\/li>\n<li>Compatible con: iOS, Android y Windows<\/li>\n<\/ul><\/div>\n","protected":false},"excerpt":{"rendered":"<p>Ligeros y c\u00f3modos de llevar|Carga magn\u00e9tica r\u00e1pida|IPX4 resistente al agua y al sudor|Reducci\u00f3n activa del ruido|BTecnolog\u00eda Bluetooth 5.1|Distancia Bluetooth: 10 m|Tiempo de reproducci\u00f3n 3 horas|Dimensiones de la caja: 49 \u00d7 49 \u00d7 31 mm<\/p>\n","protected":false},"featured_media":23595,"template":"","meta":[],"product_cat":[1600,1706],"product_tag":[1699,1698],"acf":[],"_links":{"self":[{"href":"https:\/\/smania.store\/es\/wp-json\/wp\/v2\/product\/23604"}],"collection":[{"href":"https:\/\/smania.store\/es\/wp-json\/wp\/v2\/product"}],"about":[{"href":"https:\/\/smania.store\/es\/wp-json\/wp\/v2\/types\/product"}],"wp:featuredmedia":[{"embeddable":true,"href":"https:\/\/smania.store\/es\/wp-json\/wp\/v2\/media\/23595"}],"wp:attachment":[{"href":"https:\/\/smania.store\/es\/wp-json\/wp\/v2\/media?parent=23604"}],"wp:term":[{"taxonomy":"product_cat","embeddable":true,"href":"https:\/\/smania.store\/es\/wp-json\/wp\/v2\/product_cat?post=23604"},{"taxonomy":"product_tag","embeddable":true,"href":"https:\/\/smania.store\/es\/wp-json\/wp\/v2\/product_tag?post=23604"}],"curies":[{"name":"wp","href":"https:\/\/api.w.org\/{rel}","templated":true}]}}