{"id":23428,"date":"2022-08-31T12:22:20","date_gmt":"2022-08-31T10:22:20","guid":{"rendered":"https:\/\/smania.store\/es\/producto\/arnes-tactico-para-perros\/"},"modified":"2022-12-07T14:39:20","modified_gmt":"2022-12-07T13:39:20","slug":"arnes-tactico-para-perros","status":"publish","type":"product","link":"https:\/\/smania.store\/es\/producto\/arnes-tactico-para-perros\/","title":{"rendered":"Arn\u00e9s t\u00e1ctico para perros"},"content":{"rendered":"<div class=\"smania_landing_description_title\">\u00a1NUEVO! Arn\u00e9s t\u00e1ctico para perros<\/div>\n<div class=\"smania_landing_description_txt\">\u00a1Arn\u00e9s c\u00f3modo y duradero para su amigo peludo!<\/div>\n<div class=\"smania_landing_description_subtitle\">Asegure la libertad de movimiento y la comodidad de su perro con este impresionante arn\u00e9s t\u00e1ctico para perros. Es perfecto para pasear o entrenar, ya que garantiza una mejor maniobrabilidad que un collar y una correa normales. <\/div>\n<div class=\"smania_landing_description_list\">\n<ul>\n<li>Velcro en el lateral para parches o identificaci\u00f3n<\/li>\n<li>Material de alta densidad y durabilidad<\/li>\n<li>Arn\u00e9s suave y acolchado para un m\u00e1ximo confort<\/li>\n<li>Asa y hebilla en forma de V en la espalda para mejorar los resultados del entrenamiento<\/li>\n<li>Correa fuerte y el\u00e1stica incluida en el paquete<\/li>\n<\/ul><\/div>\n","protected":false},"excerpt":{"rendered":"<p>Materiales de alta calidad y durabilidad|Un arn\u00e9s acolchado para un m\u00e1ximo confort|Asegura una gran maniobrabilidad|Una correa el\u00e1stica incluida en el paquete|Almohadilla de velcro para los parches de identificaci\u00f3n|Disponible en dos tama\u00f1os: S, L|Fuerte y duradero|Material: nilon<\/p>\n","protected":false},"featured_media":23907,"template":"","meta":[],"product_cat":[1596,1706],"product_tag":[],"acf":[],"_links":{"self":[{"href":"https:\/\/smania.store\/es\/wp-json\/wp\/v2\/product\/23428"}],"collection":[{"href":"https:\/\/smania.store\/es\/wp-json\/wp\/v2\/product"}],"about":[{"href":"https:\/\/smania.store\/es\/wp-json\/wp\/v2\/types\/product"}],"wp:featuredmedia":[{"embeddable":true,"href":"https:\/\/smania.store\/es\/wp-json\/wp\/v2\/media\/23907"}],"wp:attachment":[{"href":"https:\/\/smania.store\/es\/wp-json\/wp\/v2\/media?parent=23428"}],"wp:term":[{"taxonomy":"product_cat","embeddable":true,"href":"https:\/\/smania.store\/es\/wp-json\/wp\/v2\/product_cat?post=23428"},{"taxonomy":"product_tag","embeddable":true,"href":"https:\/\/smania.store\/es\/wp-json\/wp\/v2\/product_tag?post=23428"}],"curies":[{"name":"wp","href":"https:\/\/api.w.org\/{rel}","templated":true}]}}