{"id":23364,"date":"2022-08-31T12:11:51","date_gmt":"2022-08-31T10:11:51","guid":{"rendered":"https:\/\/smania.store\/es\/producto\/pistola-de-lavado-de-alta-presion-hydrapro\/"},"modified":"2022-11-11T14:08:26","modified_gmt":"2022-11-11T13:08:26","slug":"pistola-de-lavado-de-alta-presion-hydrapro","status":"publish","type":"product","link":"https:\/\/smania.store\/es\/producto\/pistola-de-lavado-de-alta-presion-hydrapro\/","title":{"rendered":"Pistola de lavado de alta presi\u00f3n HydraPro"},"content":{"rendered":"<div class=\"smania_landing_description_title\">\u00a1Nuevo!\ud83d\udca7 Pistola de lavado de alta presi\u00f3n HydraPro<\/div>\n<div class=\"smania_landing_description_txt\">\u00a1Lo \u00faltimo en accesorios para mangueras de jard\u00edn!<\/div>\n<div class=\"smania_landing_description_subtitle\">Lave su coche, un patio o riegue el jard\u00edn en solo un par de minutos con esta eficaz pistola de lavado de alta presi\u00f3n. La pistola HydraPro est\u00e1 fabricada con materiales de alta calidad y se conecta f\u00e1cilmente a su manguera de jard\u00edn. <\/div>\n<div class=\"smania_landing_description_list\">\n<ul>\n<li>Fabricaci\u00f3n de alta calidad y resistente a la corrosi\u00f3n<\/li>\n<li>Incluye dos boquillas de pulverizaci\u00f3n diferentes<\/li>\n<li>Ahorro de agua y f\u00e1cil de usar<\/li>\n<li>Conector de liberaci\u00f3n r\u00e1pida y un tubo de extensi\u00f3n flexible opcional incluidos<\/li>\n<li>Ideal para lavar el coche, regar el jard\u00edn, limpiar las ventanas o duchar a su mascota<\/li>\n<\/ul><\/div>\n","protected":false},"excerpt":{"rendered":"<p>Eficiente y f\u00e1cil de conectar|Duradero y resistente a la corrosi\u00f3n|Mango c\u00f3modo y ergon\u00f3mico|Perfecto para regar jardines, lavar coches, limpiar ventanas y duchar perros|Apto para la mayor\u00eda de las mangueras de jard\u00edn est\u00e1ndar|Incluye una boquilla de chorro y otra de abanico|Tubo de extensi\u00f3n flexible adicional|Material: acero inoxidable, aleaci\u00f3n de aluminio, lat\u00f3n, TPR<\/p>\n","protected":false},"featured_media":23762,"template":"","meta":[],"product_cat":[1602],"product_tag":[1654,1616],"acf":[],"_links":{"self":[{"href":"https:\/\/smania.store\/es\/wp-json\/wp\/v2\/product\/23364"}],"collection":[{"href":"https:\/\/smania.store\/es\/wp-json\/wp\/v2\/product"}],"about":[{"href":"https:\/\/smania.store\/es\/wp-json\/wp\/v2\/types\/product"}],"wp:featuredmedia":[{"embeddable":true,"href":"https:\/\/smania.store\/es\/wp-json\/wp\/v2\/media\/23762"}],"wp:attachment":[{"href":"https:\/\/smania.store\/es\/wp-json\/wp\/v2\/media?parent=23364"}],"wp:term":[{"taxonomy":"product_cat","embeddable":true,"href":"https:\/\/smania.store\/es\/wp-json\/wp\/v2\/product_cat?post=23364"},{"taxonomy":"product_tag","embeddable":true,"href":"https:\/\/smania.store\/es\/wp-json\/wp\/v2\/product_tag?post=23364"}],"curies":[{"name":"wp","href":"https:\/\/api.w.org\/{rel}","templated":true}]}}